{"id":866,"date":"2023-05-17T01:05:18","date_gmt":"2023-05-16T15:05:18","guid":{"rendered":"https:\/\/kosciuszkoheritage.com\/150\/?page_id=866"},"modified":"2023-05-17T01:12:28","modified_gmt":"2023-05-16T15:12:28","slug":"pierwsze-echa-z-gluszyny","status":"publish","type":"page","link":"https:\/\/kosciuszkoheritage.com\/150\/pierwsze-echa-z-gluszyny\/","title":{"rendered":"Pierwsze echa z G\u0142uszyny"},"content":{"rendered":"\n<p class=\"has-medium-font-size\"><strong>Szanowna, Szlachetna Pani Ernestyno.Dzisiaj, korzystaj\u0105c z zaproszenia, by\u0142am w G\u0142uszynie w Szkole na spotkaniu. Wypowiedzia\u0142am wiersz, kt\u00f3ry przesy\u0142am w za\u0142\u0105czeniu, nawi\u0105zuj\u0105cy do obchod\u00f3w 150. \u015bmierci Paw\u0142a Edmunda Strzeleckiego.Profesor Andrzej Kozek, Pani ma\u0142\u017conek, realizuj\u0105c wspomniany wy\u017cej temat, pi\u0119knie i bogato prezentowa\u0142 Pa\u0144stwa dzia\u0142alno\u015b\u0107 we wsp\u00f3\u0142pracy z rdzenn\u0105 grup\u0105 australijskiej spo\u0142eczno\u015bci, r\u00f3wnie\u017c z wyst\u0119pem ch\u00f3ru. Opowiadaj\u0105c o Waszym dorobku wspomnia\u0142 tak\u017ce o Pani pracy. Warto by\u0142o obejrze\u0107 &#8211; jak G\u00f3ra Ko\u015bciuszki \u0142\u0105czy obecnie polsko &#8211; australijskie tradycje i kultury. Ten dzie\u0144 b\u0119d\u0119 d\u0142ugo wspomina\u0107. Jeszcze raz serdecznie Pani dziekuj\u0119 za przes\u0142ane zaproszenie.<\/strong><\/p>\n\n\n\n<p class=\"has-medium-font-size\">Ostatnio pisz\u0119 niewiele, gdy\u017c obecnie sama jestem obarczona wieloma zadaniami r\u00f3wnie\u017c wydawniczymi.Nagrody ministerialne zobowi\u0105zuj\u0105 mnie do intensywnej pracy tw\u00f3rczej.Okres zabor\u00f3w i wybitne postaci pracy organicznej inspiruj\u0105 do udzia\u0142u w opracowaniach zbiorowych. Aktualnie, na gruncie pozna\u0144skim, w przygotowaniu do druku opracowanie Czerwca&#8217;56 pt. Kt\u00f3rzy pogardy nie mogli znie\u015b\u0107&#8230; opr\u00f3cz tego moja poezja r\u00f3wnie\u017c w kolejce. I jak to u kobiet: \u017con, matek i bab\u0107&#8212;&#8211; zawsze obowi\u0105zki i czuwanie.<\/p>\n\n\n\n<p class=\"has-medium-font-size\"><strong>Pozdrawiam<br>Stanis\u0142awa \u0141owi\u0144ska<\/strong><\/p>\n\n\n\n<p class=\"has-text-align-center has-blush-light-purple-gradient-background has-background has-medium-font-size\"><strong>Zobaczcie&#8230;<br>Paw\u0142owi Edmundowi Strzeleckiemu w 150. rocznic\u0119 \u015bmierci<\/strong><br><br>otwar\u0142o si\u0119 niebo nad G\u0142uszyn\u0105<br>pragn\u0105ce pozdrowi\u0107 swoich<br>c\u00f3rki i syn\u00f3w<br>szczeg\u00f3lnie Patrona Waszej Szko\u0142y<br>podzi\u0119kowa\u0107 mu za jego mi\u0142o\u015b\u0107<br>do podw\u00f3rka G\u0142uszyny<br><br>On swoje partiotyczne serce<br>wznosi\u0142 na wy\u017cyny<br>kiedy Polski \u2013 Ojczyzny Naszej<br>na mapie nie by\u0142o<br>walczy\u0142a pod butem zaborc\u00f3w<br>o wolno\u015b\u0107<br>wolno\u015b\u0107 s\u0142owa<br>o kt\u00f3r\u0105 sam z dum\u0105 zabiega\u0142<br>jak D\u0105browski<br>jak Wybicki<br><br>w szeregach odkrywc\u00f3w i uczonych stan\u0105\u0142<br>niczym latarnia<br>strumie\u0144 \u015bwiat\u0142a niebieskiego<br>wznosz\u0105cy w sercu G\u00f3r\u0119<br>Tadeusza Ko\u015bciuszki \u2013 bohatera Polaka<br><br>w podr\u00f3\u017cach okr\u0105\u017caj\u0105c glob ziemski<br>jego tajni\u0119 zg\u0142\u0119bia\u0142<br>dzi\u015b chwa\u0142\u0119 o nim podnosi pi\u00f3ro go\u0142\u0119bia<br>i australijska ziemia<br>otwar\u0142a ramiona znakiem<br>G\u00f3r\u0105 Tadeusza Ko\u015bciuszki<br>kt\u00f3rego odkrycia dokona\u0142 badacz\u2026<br>i to nie wszystko\u2026<br>Pawe\u0142 Edmund Strzelecki<br><br><strong>Stanis\u0142awa \u0141owi\u0144ska Pozna\u0144, 15 maja 2023 r.<\/strong><\/p>\n\n\n\n<hr class=\"wp-block-separator has-alpha-channel-opacity\"\/>\n\n\n\n<p>\u0179r\u00f3d\u0142o: <a href=\"https:\/\/www.zrobtosam.com\/PulsPol\/Puls3\/index.php?sekcja=1&amp;arty_id=22746\" target=\"_blank\" rel=\"noreferrer noopener\">https:\/\/www.zrobtosam.com\/PulsPol\/Puls3\/index.php?sekcja=1&amp;arty_id=22746<\/a><br>Zdj\u0119cie tytu\u0142owe: Ambasador Australii w Warszawie Lloyd Brodrick na otwarciu wystawy Strzeleckiego w G\u0142uszynie<\/p>\n\n\n\n<hr class=\"wp-block-separator has-alpha-channel-opacity\"\/>\n","protected":false},"excerpt":{"rendered":"<p>Szanowna, Szlachetna Pani Ernestyno.Dzisiaj, korzystaj\u0105c z zaproszenia, by\u0142am w G\u0142uszynie w Szkole na spotkaniu. Wypowiedzia\u0142am wiersz, kt\u00f3ry przesy\u0142am w za\u0142\u0105czeniu, nawi\u0105zuj\u0105cy do obchod\u00f3w 150. \u015bmierci Paw\u0142a Edmunda Strzeleckiego.Profesor Andrzej Kozek, Pani ma\u0142\u017conek, realizuj\u0105c wspomniany wy\u017cej temat, pi\u0119knie i bogato prezentowa\u0142 Pa\u0144stwa dzia\u0142alno\u015b\u0107 we wsp\u00f3\u0142pracy z rdzenn\u0105 grup\u0105 australijskiej spo\u0142eczno\u015bci, r\u00f3wnie\u017c z wyst\u0119pem ch\u00f3ru. Opowiadaj\u0105c o [&hellip;]<\/p>\n","protected":false},"author":1,"featured_media":867,"parent":0,"menu_order":0,"comment_status":"closed","ping_status":"closed","template":"","meta":{"nf_dc_page":"","om_disable_all_campaigns":false,"_exactmetrics_skip_tracking":false,"_exactmetrics_sitenote_active":false,"_exactmetrics_sitenote_note":"","_exactmetrics_sitenote_category":0,"footnotes":""},"class_list":["post-866","page","type-page","status-publish","has-post-thumbnail","hentry"],"aioseo_notices":[],"yoast_head":"<!-- This site is optimized with the Yoast SEO plugin v27.3 - https:\/\/yoast.com\/product\/yoast-seo-wordpress\/ -->\n<title>Pierwsze echa z G\u0142uszyny - 2023 Strzelecki Year Competition<\/title>\n<meta name=\"robots\" content=\"index, follow, max-snippet:-1, max-image-preview:large, max-video-preview:-1\" \/>\n<link rel=\"canonical\" href=\"https:\/\/kosciuszkoheritage.com\/150\/pierwsze-echa-z-gluszyny\/\" \/>\n<meta property=\"og:locale\" content=\"en_US\" \/>\n<meta property=\"og:type\" content=\"article\" \/>\n<meta property=\"og:title\" content=\"Pierwsze echa z G\u0142uszyny - 2023 Strzelecki Year Competition\" \/>\n<meta property=\"og:description\" content=\"Szanowna, Szlachetna Pani Ernestyno.Dzisiaj, korzystaj\u0105c z zaproszenia, by\u0142am w G\u0142uszynie w Szkole na spotkaniu. Wypowiedzia\u0142am wiersz, kt\u00f3ry przesy\u0142am w za\u0142\u0105czeniu, nawi\u0105zuj\u0105cy do obchod\u00f3w 150. \u015bmierci Paw\u0142a Edmunda Strzeleckiego.Profesor Andrzej Kozek, Pani ma\u0142\u017conek, realizuj\u0105c wspomniany wy\u017cej temat, pi\u0119knie i bogato prezentowa\u0142 Pa\u0144stwa dzia\u0142alno\u015b\u0107 we wsp\u00f3\u0142pracy z rdzenn\u0105 grup\u0105 australijskiej spo\u0142eczno\u015bci, r\u00f3wnie\u017c z wyst\u0119pem ch\u00f3ru. Opowiadaj\u0105c o [&hellip;]\" \/>\n<meta property=\"og:url\" content=\"https:\/\/kosciuszkoheritage.com\/150\/pierwsze-echa-z-gluszyny\/\" \/>\n<meta property=\"og:site_name\" content=\"2023 Strzelecki Year Competition\" \/>\n<meta property=\"article:modified_time\" content=\"2023-05-16T15:12:28+00:00\" \/>\n<meta property=\"og:image\" content=\"https:\/\/kosciuszkoheritage.com\/150\/wp-content\/uploads\/2023\/05\/foto-1.jpg\" \/>\n\t<meta property=\"og:image:width\" content=\"640\" \/>\n\t<meta property=\"og:image:height\" content=\"426\" \/>\n\t<meta property=\"og:image:type\" content=\"image\/jpeg\" \/>\n<meta name=\"twitter:card\" content=\"summary_large_image\" \/>\n<meta name=\"twitter:label1\" content=\"Est. reading time\" \/>\n\t<meta name=\"twitter:data1\" content=\"2 minutes\" \/>\n<script type=\"application\/ld+json\" class=\"yoast-schema-graph\">{\"@context\":\"https:\\\/\\\/schema.org\",\"@graph\":[{\"@type\":\"WebPage\",\"@id\":\"https:\\\/\\\/kosciuszkoheritage.com\\\/150\\\/pierwsze-echa-z-gluszyny\\\/\",\"url\":\"https:\\\/\\\/kosciuszkoheritage.com\\\/150\\\/pierwsze-echa-z-gluszyny\\\/\",\"name\":\"Pierwsze echa z G\u0142uszyny - 2023 Strzelecki Year Competition\",\"isPartOf\":{\"@id\":\"https:\\\/\\\/kosciuszkoheritage.com\\\/150\\\/#website\"},\"primaryImageOfPage\":{\"@id\":\"https:\\\/\\\/kosciuszkoheritage.com\\\/150\\\/pierwsze-echa-z-gluszyny\\\/#primaryimage\"},\"image\":{\"@id\":\"https:\\\/\\\/kosciuszkoheritage.com\\\/150\\\/pierwsze-echa-z-gluszyny\\\/#primaryimage\"},\"thumbnailUrl\":\"https:\\\/\\\/kosciuszkoheritage.com\\\/150\\\/wp-content\\\/uploads\\\/2023\\\/05\\\/foto-1.jpg\",\"datePublished\":\"2023-05-16T15:05:18+00:00\",\"dateModified\":\"2023-05-16T15:12:28+00:00\",\"breadcrumb\":{\"@id\":\"https:\\\/\\\/kosciuszkoheritage.com\\\/150\\\/pierwsze-echa-z-gluszyny\\\/#breadcrumb\"},\"inLanguage\":\"en-US\",\"potentialAction\":[{\"@type\":\"ReadAction\",\"target\":[\"https:\\\/\\\/kosciuszkoheritage.com\\\/150\\\/pierwsze-echa-z-gluszyny\\\/\"]}]},{\"@type\":\"ImageObject\",\"inLanguage\":\"en-US\",\"@id\":\"https:\\\/\\\/kosciuszkoheritage.com\\\/150\\\/pierwsze-echa-z-gluszyny\\\/#primaryimage\",\"url\":\"https:\\\/\\\/kosciuszkoheritage.com\\\/150\\\/wp-content\\\/uploads\\\/2023\\\/05\\\/foto-1.jpg\",\"contentUrl\":\"https:\\\/\\\/kosciuszkoheritage.com\\\/150\\\/wp-content\\\/uploads\\\/2023\\\/05\\\/foto-1.jpg\",\"width\":640,\"height\":426},{\"@type\":\"BreadcrumbList\",\"@id\":\"https:\\\/\\\/kosciuszkoheritage.com\\\/150\\\/pierwsze-echa-z-gluszyny\\\/#breadcrumb\",\"itemListElement\":[{\"@type\":\"ListItem\",\"position\":1,\"name\":\"Home\",\"item\":\"https:\\\/\\\/kosciuszkoheritage.com\\\/150\\\/\"},{\"@type\":\"ListItem\",\"position\":2,\"name\":\"Pierwsze echa z G\u0142uszyny\"}]},{\"@type\":\"WebSite\",\"@id\":\"https:\\\/\\\/kosciuszkoheritage.com\\\/150\\\/#website\",\"url\":\"https:\\\/\\\/kosciuszkoheritage.com\\\/150\\\/\",\"name\":\"2023 Strzelecki Year Competition\",\"description\":\"\",\"potentialAction\":[{\"@type\":\"SearchAction\",\"target\":{\"@type\":\"EntryPoint\",\"urlTemplate\":\"https:\\\/\\\/kosciuszkoheritage.com\\\/150\\\/?s={search_term_string}\"},\"query-input\":{\"@type\":\"PropertyValueSpecification\",\"valueRequired\":true,\"valueName\":\"search_term_string\"}}],\"inLanguage\":\"en-US\"}]}<\/script>\n<!-- \/ Yoast SEO plugin. -->","yoast_head_json":{"title":"Pierwsze echa z G\u0142uszyny - 2023 Strzelecki Year Competition","robots":{"index":"index","follow":"follow","max-snippet":"max-snippet:-1","max-image-preview":"max-image-preview:large","max-video-preview":"max-video-preview:-1"},"canonical":"https:\/\/kosciuszkoheritage.com\/150\/pierwsze-echa-z-gluszyny\/","og_locale":"en_US","og_type":"article","og_title":"Pierwsze echa z G\u0142uszyny - 2023 Strzelecki Year Competition","og_description":"Szanowna, Szlachetna Pani Ernestyno.Dzisiaj, korzystaj\u0105c z zaproszenia, by\u0142am w G\u0142uszynie w Szkole na spotkaniu. Wypowiedzia\u0142am wiersz, kt\u00f3ry przesy\u0142am w za\u0142\u0105czeniu, nawi\u0105zuj\u0105cy do obchod\u00f3w 150. \u015bmierci Paw\u0142a Edmunda Strzeleckiego.Profesor Andrzej Kozek, Pani ma\u0142\u017conek, realizuj\u0105c wspomniany wy\u017cej temat, pi\u0119knie i bogato prezentowa\u0142 Pa\u0144stwa dzia\u0142alno\u015b\u0107 we wsp\u00f3\u0142pracy z rdzenn\u0105 grup\u0105 australijskiej spo\u0142eczno\u015bci, r\u00f3wnie\u017c z wyst\u0119pem ch\u00f3ru. Opowiadaj\u0105c o [&hellip;]","og_url":"https:\/\/kosciuszkoheritage.com\/150\/pierwsze-echa-z-gluszyny\/","og_site_name":"2023 Strzelecki Year Competition","article_modified_time":"2023-05-16T15:12:28+00:00","og_image":[{"width":640,"height":426,"url":"https:\/\/kosciuszkoheritage.com\/150\/wp-content\/uploads\/2023\/05\/foto-1.jpg","type":"image\/jpeg"}],"twitter_card":"summary_large_image","twitter_misc":{"Est. reading time":"2 minutes"},"schema":{"@context":"https:\/\/schema.org","@graph":[{"@type":"WebPage","@id":"https:\/\/kosciuszkoheritage.com\/150\/pierwsze-echa-z-gluszyny\/","url":"https:\/\/kosciuszkoheritage.com\/150\/pierwsze-echa-z-gluszyny\/","name":"Pierwsze echa z G\u0142uszyny - 2023 Strzelecki Year Competition","isPartOf":{"@id":"https:\/\/kosciuszkoheritage.com\/150\/#website"},"primaryImageOfPage":{"@id":"https:\/\/kosciuszkoheritage.com\/150\/pierwsze-echa-z-gluszyny\/#primaryimage"},"image":{"@id":"https:\/\/kosciuszkoheritage.com\/150\/pierwsze-echa-z-gluszyny\/#primaryimage"},"thumbnailUrl":"https:\/\/kosciuszkoheritage.com\/150\/wp-content\/uploads\/2023\/05\/foto-1.jpg","datePublished":"2023-05-16T15:05:18+00:00","dateModified":"2023-05-16T15:12:28+00:00","breadcrumb":{"@id":"https:\/\/kosciuszkoheritage.com\/150\/pierwsze-echa-z-gluszyny\/#breadcrumb"},"inLanguage":"en-US","potentialAction":[{"@type":"ReadAction","target":["https:\/\/kosciuszkoheritage.com\/150\/pierwsze-echa-z-gluszyny\/"]}]},{"@type":"ImageObject","inLanguage":"en-US","@id":"https:\/\/kosciuszkoheritage.com\/150\/pierwsze-echa-z-gluszyny\/#primaryimage","url":"https:\/\/kosciuszkoheritage.com\/150\/wp-content\/uploads\/2023\/05\/foto-1.jpg","contentUrl":"https:\/\/kosciuszkoheritage.com\/150\/wp-content\/uploads\/2023\/05\/foto-1.jpg","width":640,"height":426},{"@type":"BreadcrumbList","@id":"https:\/\/kosciuszkoheritage.com\/150\/pierwsze-echa-z-gluszyny\/#breadcrumb","itemListElement":[{"@type":"ListItem","position":1,"name":"Home","item":"https:\/\/kosciuszkoheritage.com\/150\/"},{"@type":"ListItem","position":2,"name":"Pierwsze echa z G\u0142uszyny"}]},{"@type":"WebSite","@id":"https:\/\/kosciuszkoheritage.com\/150\/#website","url":"https:\/\/kosciuszkoheritage.com\/150\/","name":"2023 Strzelecki Year Competition","description":"","potentialAction":[{"@type":"SearchAction","target":{"@type":"EntryPoint","urlTemplate":"https:\/\/kosciuszkoheritage.com\/150\/?s={search_term_string}"},"query-input":{"@type":"PropertyValueSpecification","valueRequired":true,"valueName":"search_term_string"}}],"inLanguage":"en-US"}]}},"_links":{"self":[{"href":"https:\/\/kosciuszkoheritage.com\/150\/wp-json\/wp\/v2\/pages\/866","targetHints":{"allow":["GET"]}}],"collection":[{"href":"https:\/\/kosciuszkoheritage.com\/150\/wp-json\/wp\/v2\/pages"}],"about":[{"href":"https:\/\/kosciuszkoheritage.com\/150\/wp-json\/wp\/v2\/types\/page"}],"author":[{"embeddable":true,"href":"https:\/\/kosciuszkoheritage.com\/150\/wp-json\/wp\/v2\/users\/1"}],"replies":[{"embeddable":true,"href":"https:\/\/kosciuszkoheritage.com\/150\/wp-json\/wp\/v2\/comments?post=866"}],"version-history":[{"count":2,"href":"https:\/\/kosciuszkoheritage.com\/150\/wp-json\/wp\/v2\/pages\/866\/revisions"}],"predecessor-version":[{"id":870,"href":"https:\/\/kosciuszkoheritage.com\/150\/wp-json\/wp\/v2\/pages\/866\/revisions\/870"}],"wp:featuredmedia":[{"embeddable":true,"href":"https:\/\/kosciuszkoheritage.com\/150\/wp-json\/wp\/v2\/media\/867"}],"wp:attachment":[{"href":"https:\/\/kosciuszkoheritage.com\/150\/wp-json\/wp\/v2\/media?parent=866"}],"curies":[{"name":"wp","href":"https:\/\/api.w.org\/{rel}","templated":true}]}}