{"id":44,"date":"2023-02-14T18:56:58","date_gmt":"2023-02-14T07:56:58","guid":{"rendered":"https:\/\/kosciuszkoheritage.com\/150\/?page_id=44"},"modified":"2024-04-18T22:26:08","modified_gmt":"2024-04-18T12:26:08","slug":"obchody","status":"publish","type":"page","link":"https:\/\/kosciuszkoheritage.com\/150\/obchody\/","title":{"rendered":"Obchody Roku Strzeleckiego"},"content":{"rendered":"\n<div class=\"wp-block-buttons is-layout-flex wp-block-buttons-is-layout-flex\">\n<div class=\"wp-block-button\"><a class=\"wp-block-button__link has-white-color has-vivid-purple-background-color has-text-color has-background wp-element-button\" href=\"https:\/\/kosciuszkoheritage.com\/150\/o-roku-strzeleckiego\/\" style=\"border-radius:15px\">O roku strzeleckiego<\/a><\/div>\n\n\n\n<div class=\"wp-block-button\"><a class=\"wp-block-button__link has-white-color has-vivid-purple-background-color has-text-color has-background wp-element-button\" href=\"https:\/\/kosciuszkoheritage.com\/150\/konkurs\/\" style=\"border-radius:15px\">konkurs<\/a><\/div>\n\n\n\n<div class=\"wp-block-button\"><a class=\"wp-block-button__link has-white-color has-vivid-purple-background-color has-text-color has-background wp-element-button\" href=\"https:\/\/kosciuszkoheritage.com\/150\/pawel-strzelecki\/\" style=\"border-radius:15px\">pawe\u0142 Strzelecki<\/a><\/div>\n\n\n\n<div class=\"wp-block-button\"><a class=\"wp-block-button__link has-white-color has-vivid-purple-background-color has-text-color has-background wp-element-button\" href=\"https:\/\/kosciuszkoheritage.com\/150\/wiadomosci\/\" style=\"border-radius:15px\">aktualno\u015bci<\/a><\/div>\n\n\n\n<div class=\"wp-block-button\"><a class=\"wp-block-button__link has-white-color has-vivid-purple-background-color has-text-color has-background wp-element-button\" href=\"https:\/\/kosciuszkoheritage.com\/150\/lacze\/\" style=\"border-radius:15px\">linki<\/a><\/div>\n\n\n\n<div class=\"wp-block-button\"><a class=\"wp-block-button__link has-black-color has-luminous-vivid-orange-background-color has-text-color has-background wp-element-button\" href=\"https:\/\/kosciuszkoheritage.com\/150\/celebrations\/\" style=\"border-radius:15px\" target=\"_blank\" rel=\"noreferrer noopener\">celebrations \u2013 english<\/a><\/div>\n<\/div>\n\n\n\n<hr class=\"wp-block-separator has-alpha-channel-opacity\"\/>\n\n\n\n<p class=\"has-medium-font-size\"><strong>10-20 maja 2023 <\/strong>\u2013 wizyta delegacji Tradycyjnych Kustoszy G\u00f3ry Ko\u015bciuszki Ch\u00f3ru Djinama Yiliga w Polsce \u2013 fotorelacj\u0119 zobaczysz <a href=\"https:\/\/kosciuszkoheritage.com\/150\/filmowe-relacje-z-pobytu-delegacji-monero-ngarigo-w-polsce\/\">TUTAJ<\/a>, wra\u017cenia organizator\u00f3w przeczytasz <a href=\"https:\/\/kosciuszkoheritage.com\/150\/wrazenia-z-podrozy-do-polski\/\">TUTAJ<\/a><\/p>\n\n\n\n<hr class=\"wp-block-separator has-alpha-channel-opacity\"\/>\n\n\n\n<p class=\"has-medium-font-size\"><strong>19-28 maja 2023<\/strong> \u2013 wystawa &#8220;Pawe\u0142 Edmund Strzelecki: australijski odkrywca i irlandzki humanitarysta&#8221; w Adelajdzie \u2013 relacj\u0119 przeczytasz <a href=\"https:\/\/kosciuszkoheritage.com\/150\/pawel-edmund-strzelecki-australijski-odkrywca-i-irlandzki-humanitarysta\/\">TUTAJ<\/a><\/p>\n\n\n\n<hr class=\"wp-block-separator has-alpha-channel-opacity\"\/>\n\n\n\n<p class=\"has-medium-font-size\"><strong>1 marca-20 lipca 2023<\/strong> \u2013 Mi\u0119dzynarodowy Konkurs &#8220;Wduchu Strzeleckiego&#8221; \u2013 przeczytaj raporty po zako\u0144czeniu naboru prac <a href=\"https:\/\/kosciuszkoheritage.com\/150\/pierwszy-raport-po-zamknieciu-miedzynarodowego-konkursu-strzeleckiego\/\">pierwszy raport<\/a>, <a href=\"https:\/\/kosciuszkoheritage.com\/150\/drugi-raport-garsc-konkursowych-statystyk\/\">drugi raport<\/a><\/p>\n\n\n\n<hr class=\"wp-block-separator has-alpha-channel-opacity\"\/>\n\n\n\n<p class=\"has-medium-font-size\">Sydneyska organizacja Kosciuszko Heritage Inc. zaprasza na wydarzenia po\u015bwi\u0119cone Paw\u0142owi Edmundowi Strzeleckiemu, kt\u00f3re odb\u0119d\u0105 si\u0119 od pa\u017adziernika do grudnia 2023 roku. Zaplanowane wydarzenia ko\u0144cz\u0105 obchody Roku Strzeleckiego, jednego z patron\u00f3w Roku 2023. Rezerwacja miejsc na poni\u017csze wydarzenia trwa tylko do soboty,<strong>&nbsp;2 wrze\u015bnia 2023<\/strong>.<\/p>\n\n\n\n<p class=\"\"><\/p>\n\n\n\n<p class=\"has-medium-font-size\"><strong>Wielki Fina\u0142 Mi\u0119dzynarodowego Konkursu \u201cW duchu Strzeleckiego\u201d<\/strong><br><strong>6 pa\u017adziernika 2023<\/strong>, godz. 19.00<br>The Bryan Brown Theatre, Bankstown, NSW<\/p>\n\n\n\n<p class=\"has-medium-font-size\"><strong>Ods\u0142oni\u0119cie Memorialu Strzeleckiego w Towong + przyj\u0119cie po\u0142\u0105czone z koncertem<\/strong><br><strong>18 listopada 2023<\/strong><br>ods\u0142oni\u0119cie memoria\u0142u \u2013 godz. 10.00, Towong Hill Rd, Towong, VIC<br>przyj\u0119cie i koncert \u2013 godz. 11.00, Corryong Memorial Hall, Corryong, VIC<\/p>\n\n\n\n<p class=\"has-medium-font-size\"><strong>Polsko-Aboryge\u0144skie loty przyja\u017ani nad Geehi i G\u00f3r\u0105 Ko\u015bciuszki<\/strong><br><strong>19 listopada 2023<\/strong>, od godz. 10.00<br>Khancoban Airstrip, Khancoban, NSW<\/p>\n\n\n\n<p class=\"has-medium-font-size\"><strong>Koncert Galowy na zako\u0144czenie obchod\u00f3w Roku Strzeleckiego podczas <\/strong><br><strong>16 grudnia 2023<\/strong>, godz. 19.00<br>Dom Polski Syrena, Rowville, VIC<\/p>\n\n\n\n<p class=\"has-medium-font-size\">Zg\u0142oszenia przyjmuje Ernestyna (e-mail&nbsp;<strong>ernestyna@kosciuszkoheritage.com<\/strong>, telefony&nbsp;<strong>(02) 9484 1740, 0408 897 358<\/strong>).<br>Termin przyjmowania zg\u0142osze\u0144 udzia\u0142u mija w sobot\u0119,&nbsp;<strong>2 wrze\u015bnia 2023<\/strong>!<\/p>\n\n\n<div class=\"wp-block-image\">\n<figure class=\"aligncenter\"><img loading=\"lazy\" decoding=\"async\" width=\"719\" height=\"1024\" src=\"https:\/\/kosciuszkoheritage.com\/150\/wp-content\/uploads\/2023\/08\/YOU-719x1024.jpg\" alt=\"\" class=\"wp-image-1328\" srcset=\"https:\/\/kosciuszkoheritage.com\/150\/wp-content\/uploads\/2023\/08\/YOU-719x1024.jpg 719w, https:\/\/kosciuszkoheritage.com\/150\/wp-content\/uploads\/2023\/08\/YOU-211x300.jpg 211w, https:\/\/kosciuszkoheritage.com\/150\/wp-content\/uploads\/2023\/08\/YOU-768x1094.jpg 768w, https:\/\/kosciuszkoheritage.com\/150\/wp-content\/uploads\/2023\/08\/YOU-1078x1536.jpg 1078w, https:\/\/kosciuszkoheritage.com\/150\/wp-content\/uploads\/2023\/08\/YOU.jpg 1361w\" sizes=\"auto, (max-width: 719px) 100vw, 719px\" \/><figcaption class=\"wp-element-caption\"><em>Plakat promuj\u0105cy cykl wydarze\u0144 odbywaj\u0105cych si\u0119 ramach obchod\u00f3w Roku Strzeleckiego w Australii<\/em><\/figcaption><\/figure>\n<\/div>\n\n\n<p class=\"has-medium-font-size\">Uaktualniony program obchod\u00f3w Roku Strzeleckiego w Australii znajduje si\u0119&nbsp;<a href=\"https:\/\/kosciuszkoheritage.com\/150\/a-reviewed-and-updated-program-of-strzelecki-year-celebrations\/\">TUTAJ<\/a>.<\/p>\n\n\n\n<p class=\"has-medium-font-size\">Broszurk\u0119 \u201cKo\u015bciuszki i Strzelecki: ludzie, g\u00f3ra i pomnik\u201d (ENG) znajdziesz&nbsp;<a href=\"http:\/\/www.kosciuszkoheritage.com\/media\/Kosciuszko_Strzelecki_Factsheet_printable_version.pdf\">TUTAJ<\/a>.<br><\/p>\n\n\n\n<hr class=\"wp-block-separator has-alpha-channel-opacity\"\/>\n\n\n\n<hr class=\"is-style-wide wp-block-separator has-text-color has-vivid-purple-color has-alpha-channel-opacity has-vivid-purple-background-color has-background\"\/>\n\n\n\n<figure class=\"wp-block-image size-large\"><img loading=\"lazy\" decoding=\"async\" width=\"1024\" height=\"649\" src=\"https:\/\/kosciuszkoheritage.com\/150\/wp-content\/uploads\/2024\/04\/KPRM-loga3-1024x649.jpg\" alt=\"\" class=\"wp-image-1546\" srcset=\"https:\/\/kosciuszkoheritage.com\/150\/wp-content\/uploads\/2024\/04\/KPRM-loga3-1024x649.jpg 1024w, https:\/\/kosciuszkoheritage.com\/150\/wp-content\/uploads\/2024\/04\/KPRM-loga3-300x190.jpg 300w, https:\/\/kosciuszkoheritage.com\/150\/wp-content\/uploads\/2024\/04\/KPRM-loga3-768x486.jpg 768w, https:\/\/kosciuszkoheritage.com\/150\/wp-content\/uploads\/2024\/04\/KPRM-loga3.jpg 1113w\" sizes=\"auto, (max-width: 1024px) 100vw, 1024px\" \/><\/figure>\n\n\n<div class=\"wp-block-image\">\n<figure class=\"aligncenter size-large\"><img loading=\"lazy\" decoding=\"async\" width=\"1024\" height=\"576\" src=\"https:\/\/kosciuszkoheritage.com\/150\/wp-content\/uploads\/2023\/04\/baner_partnerzy_v4-1024x576.png\" alt=\"\" class=\"wp-image-728\" srcset=\"https:\/\/kosciuszkoheritage.com\/150\/wp-content\/uploads\/2023\/04\/baner_partnerzy_v4-1024x576.png 1024w, https:\/\/kosciuszkoheritage.com\/150\/wp-content\/uploads\/2023\/04\/baner_partnerzy_v4-300x169.png 300w, https:\/\/kosciuszkoheritage.com\/150\/wp-content\/uploads\/2023\/04\/baner_partnerzy_v4-768x432.png 768w, https:\/\/kosciuszkoheritage.com\/150\/wp-content\/uploads\/2023\/04\/baner_partnerzy_v4-1536x864.png 1536w, https:\/\/kosciuszkoheritage.com\/150\/wp-content\/uploads\/2023\/04\/baner_partnerzy_v4.png 1920w\" sizes=\"auto, (max-width: 1024px) 100vw, 1024px\" \/><\/figure>\n<\/div>\n\n\n<hr class=\"wp-block-separator has-alpha-channel-opacity\"\/>\n","protected":false},"excerpt":{"rendered":"<p>10-20 maja 2023 \u2013 wizyta delegacji Tradycyjnych Kustoszy G\u00f3ry Ko\u015bciuszki Ch\u00f3ru Djinama Yiliga w Polsce \u2013 fotorelacj\u0119 zobaczysz TUTAJ, wra\u017cenia organizator\u00f3w przeczytasz TUTAJ 19-28 maja 2023 \u2013 wystawa &#8220;Pawe\u0142 Edmund Strzelecki: australijski odkrywca i irlandzki humanitarysta&#8221; w Adelajdzie \u2013 relacj\u0119 przeczytasz TUTAJ 1 marca-20 lipca 2023 \u2013 Mi\u0119dzynarodowy Konkurs &#8220;Wduchu Strzeleckiego&#8221; \u2013 przeczytaj raporty po [&hellip;]<\/p>\n","protected":false},"author":1,"featured_media":0,"parent":0,"menu_order":0,"comment_status":"closed","ping_status":"closed","template":"","meta":{"nf_dc_page":"","om_disable_all_campaigns":false,"_exactmetrics_skip_tracking":false,"_exactmetrics_sitenote_active":false,"_exactmetrics_sitenote_note":"","_exactmetrics_sitenote_category":0,"footnotes":""},"class_list":["post-44","page","type-page","status-publish","hentry"],"aioseo_notices":[],"yoast_head":"<!-- This site is optimized with the Yoast SEO plugin v27.3 - https:\/\/yoast.com\/product\/yoast-seo-wordpress\/ -->\n<title>Obchody Roku Strzeleckiego - 2023 Strzelecki Year Competition<\/title>\n<meta name=\"robots\" content=\"index, follow, max-snippet:-1, max-image-preview:large, max-video-preview:-1\" \/>\n<link rel=\"canonical\" href=\"https:\/\/kosciuszkoheritage.com\/150\/obchody\/\" \/>\n<meta property=\"og:locale\" content=\"en_US\" \/>\n<meta property=\"og:type\" content=\"article\" \/>\n<meta property=\"og:title\" content=\"Obchody Roku Strzeleckiego - 2023 Strzelecki Year Competition\" \/>\n<meta property=\"og:description\" content=\"10-20 maja 2023 \u2013 wizyta delegacji Tradycyjnych Kustoszy G\u00f3ry Ko\u015bciuszki Ch\u00f3ru Djinama Yiliga w Polsce \u2013 fotorelacj\u0119 zobaczysz TUTAJ, wra\u017cenia organizator\u00f3w przeczytasz TUTAJ 19-28 maja 2023 \u2013 wystawa &#8220;Pawe\u0142 Edmund Strzelecki: australijski odkrywca i irlandzki humanitarysta&#8221; w Adelajdzie \u2013 relacj\u0119 przeczytasz TUTAJ 1 marca-20 lipca 2023 \u2013 Mi\u0119dzynarodowy Konkurs &#8220;Wduchu Strzeleckiego&#8221; \u2013 przeczytaj raporty po [&hellip;]\" \/>\n<meta property=\"og:url\" content=\"https:\/\/kosciuszkoheritage.com\/150\/obchody\/\" \/>\n<meta property=\"og:site_name\" content=\"2023 Strzelecki Year Competition\" \/>\n<meta property=\"article:modified_time\" content=\"2024-04-18T12:26:08+00:00\" \/>\n<meta property=\"og:image\" content=\"https:\/\/kosciuszkoheritage.com\/150\/wp-content\/uploads\/2023\/08\/YOU-719x1024.jpg\" \/>\n<meta name=\"twitter:card\" content=\"summary_large_image\" \/>\n<meta name=\"twitter:label1\" content=\"Est. reading time\" \/>\n\t<meta name=\"twitter:data1\" content=\"2 minutes\" \/>\n<script type=\"application\/ld+json\" class=\"yoast-schema-graph\">{\"@context\":\"https:\\\/\\\/schema.org\",\"@graph\":[{\"@type\":\"WebPage\",\"@id\":\"https:\\\/\\\/kosciuszkoheritage.com\\\/150\\\/obchody\\\/\",\"url\":\"https:\\\/\\\/kosciuszkoheritage.com\\\/150\\\/obchody\\\/\",\"name\":\"Obchody Roku Strzeleckiego - 2023 Strzelecki Year Competition\",\"isPartOf\":{\"@id\":\"https:\\\/\\\/kosciuszkoheritage.com\\\/150\\\/#website\"},\"primaryImageOfPage\":{\"@id\":\"https:\\\/\\\/kosciuszkoheritage.com\\\/150\\\/obchody\\\/#primaryimage\"},\"image\":{\"@id\":\"https:\\\/\\\/kosciuszkoheritage.com\\\/150\\\/obchody\\\/#primaryimage\"},\"thumbnailUrl\":\"https:\\\/\\\/kosciuszkoheritage.com\\\/150\\\/wp-content\\\/uploads\\\/2023\\\/08\\\/YOU-719x1024.jpg\",\"datePublished\":\"2023-02-14T07:56:58+00:00\",\"dateModified\":\"2024-04-18T12:26:08+00:00\",\"breadcrumb\":{\"@id\":\"https:\\\/\\\/kosciuszkoheritage.com\\\/150\\\/obchody\\\/#breadcrumb\"},\"inLanguage\":\"en-US\",\"potentialAction\":[{\"@type\":\"ReadAction\",\"target\":[\"https:\\\/\\\/kosciuszkoheritage.com\\\/150\\\/obchody\\\/\"]}]},{\"@type\":\"ImageObject\",\"inLanguage\":\"en-US\",\"@id\":\"https:\\\/\\\/kosciuszkoheritage.com\\\/150\\\/obchody\\\/#primaryimage\",\"url\":\"https:\\\/\\\/kosciuszkoheritage.com\\\/150\\\/wp-content\\\/uploads\\\/2023\\\/08\\\/YOU.jpg\",\"contentUrl\":\"https:\\\/\\\/kosciuszkoheritage.com\\\/150\\\/wp-content\\\/uploads\\\/2023\\\/08\\\/YOU.jpg\",\"width\":1361,\"height\":1939},{\"@type\":\"BreadcrumbList\",\"@id\":\"https:\\\/\\\/kosciuszkoheritage.com\\\/150\\\/obchody\\\/#breadcrumb\",\"itemListElement\":[{\"@type\":\"ListItem\",\"position\":1,\"name\":\"Home\",\"item\":\"https:\\\/\\\/kosciuszkoheritage.com\\\/150\\\/\"},{\"@type\":\"ListItem\",\"position\":2,\"name\":\"Obchody Roku Strzeleckiego\"}]},{\"@type\":\"WebSite\",\"@id\":\"https:\\\/\\\/kosciuszkoheritage.com\\\/150\\\/#website\",\"url\":\"https:\\\/\\\/kosciuszkoheritage.com\\\/150\\\/\",\"name\":\"2023 Strzelecki Year Competition\",\"description\":\"\",\"potentialAction\":[{\"@type\":\"SearchAction\",\"target\":{\"@type\":\"EntryPoint\",\"urlTemplate\":\"https:\\\/\\\/kosciuszkoheritage.com\\\/150\\\/?s={search_term_string}\"},\"query-input\":{\"@type\":\"PropertyValueSpecification\",\"valueRequired\":true,\"valueName\":\"search_term_string\"}}],\"inLanguage\":\"en-US\"}]}<\/script>\n<!-- \/ Yoast SEO plugin. -->","yoast_head_json":{"title":"Obchody Roku Strzeleckiego - 2023 Strzelecki Year Competition","robots":{"index":"index","follow":"follow","max-snippet":"max-snippet:-1","max-image-preview":"max-image-preview:large","max-video-preview":"max-video-preview:-1"},"canonical":"https:\/\/kosciuszkoheritage.com\/150\/obchody\/","og_locale":"en_US","og_type":"article","og_title":"Obchody Roku Strzeleckiego - 2023 Strzelecki Year Competition","og_description":"10-20 maja 2023 \u2013 wizyta delegacji Tradycyjnych Kustoszy G\u00f3ry Ko\u015bciuszki Ch\u00f3ru Djinama Yiliga w Polsce \u2013 fotorelacj\u0119 zobaczysz TUTAJ, wra\u017cenia organizator\u00f3w przeczytasz TUTAJ 19-28 maja 2023 \u2013 wystawa &#8220;Pawe\u0142 Edmund Strzelecki: australijski odkrywca i irlandzki humanitarysta&#8221; w Adelajdzie \u2013 relacj\u0119 przeczytasz TUTAJ 1 marca-20 lipca 2023 \u2013 Mi\u0119dzynarodowy Konkurs &#8220;Wduchu Strzeleckiego&#8221; \u2013 przeczytaj raporty po [&hellip;]","og_url":"https:\/\/kosciuszkoheritage.com\/150\/obchody\/","og_site_name":"2023 Strzelecki Year Competition","article_modified_time":"2024-04-18T12:26:08+00:00","og_image":[{"url":"https:\/\/kosciuszkoheritage.com\/150\/wp-content\/uploads\/2023\/08\/YOU-719x1024.jpg","type":"","width":"","height":""}],"twitter_card":"summary_large_image","twitter_misc":{"Est. reading time":"2 minutes"},"schema":{"@context":"https:\/\/schema.org","@graph":[{"@type":"WebPage","@id":"https:\/\/kosciuszkoheritage.com\/150\/obchody\/","url":"https:\/\/kosciuszkoheritage.com\/150\/obchody\/","name":"Obchody Roku Strzeleckiego - 2023 Strzelecki Year Competition","isPartOf":{"@id":"https:\/\/kosciuszkoheritage.com\/150\/#website"},"primaryImageOfPage":{"@id":"https:\/\/kosciuszkoheritage.com\/150\/obchody\/#primaryimage"},"image":{"@id":"https:\/\/kosciuszkoheritage.com\/150\/obchody\/#primaryimage"},"thumbnailUrl":"https:\/\/kosciuszkoheritage.com\/150\/wp-content\/uploads\/2023\/08\/YOU-719x1024.jpg","datePublished":"2023-02-14T07:56:58+00:00","dateModified":"2024-04-18T12:26:08+00:00","breadcrumb":{"@id":"https:\/\/kosciuszkoheritage.com\/150\/obchody\/#breadcrumb"},"inLanguage":"en-US","potentialAction":[{"@type":"ReadAction","target":["https:\/\/kosciuszkoheritage.com\/150\/obchody\/"]}]},{"@type":"ImageObject","inLanguage":"en-US","@id":"https:\/\/kosciuszkoheritage.com\/150\/obchody\/#primaryimage","url":"https:\/\/kosciuszkoheritage.com\/150\/wp-content\/uploads\/2023\/08\/YOU.jpg","contentUrl":"https:\/\/kosciuszkoheritage.com\/150\/wp-content\/uploads\/2023\/08\/YOU.jpg","width":1361,"height":1939},{"@type":"BreadcrumbList","@id":"https:\/\/kosciuszkoheritage.com\/150\/obchody\/#breadcrumb","itemListElement":[{"@type":"ListItem","position":1,"name":"Home","item":"https:\/\/kosciuszkoheritage.com\/150\/"},{"@type":"ListItem","position":2,"name":"Obchody Roku Strzeleckiego"}]},{"@type":"WebSite","@id":"https:\/\/kosciuszkoheritage.com\/150\/#website","url":"https:\/\/kosciuszkoheritage.com\/150\/","name":"2023 Strzelecki Year Competition","description":"","potentialAction":[{"@type":"SearchAction","target":{"@type":"EntryPoint","urlTemplate":"https:\/\/kosciuszkoheritage.com\/150\/?s={search_term_string}"},"query-input":{"@type":"PropertyValueSpecification","valueRequired":true,"valueName":"search_term_string"}}],"inLanguage":"en-US"}]}},"_links":{"self":[{"href":"https:\/\/kosciuszkoheritage.com\/150\/wp-json\/wp\/v2\/pages\/44","targetHints":{"allow":["GET"]}}],"collection":[{"href":"https:\/\/kosciuszkoheritage.com\/150\/wp-json\/wp\/v2\/pages"}],"about":[{"href":"https:\/\/kosciuszkoheritage.com\/150\/wp-json\/wp\/v2\/types\/page"}],"author":[{"embeddable":true,"href":"https:\/\/kosciuszkoheritage.com\/150\/wp-json\/wp\/v2\/users\/1"}],"replies":[{"embeddable":true,"href":"https:\/\/kosciuszkoheritage.com\/150\/wp-json\/wp\/v2\/comments?post=44"}],"version-history":[{"count":5,"href":"https:\/\/kosciuszkoheritage.com\/150\/wp-json\/wp\/v2\/pages\/44\/revisions"}],"predecessor-version":[{"id":1549,"href":"https:\/\/kosciuszkoheritage.com\/150\/wp-json\/wp\/v2\/pages\/44\/revisions\/1549"}],"wp:attachment":[{"href":"https:\/\/kosciuszkoheritage.com\/150\/wp-json\/wp\/v2\/media?parent=44"}],"curies":[{"name":"wp","href":"https:\/\/api.w.org\/{rel}","templated":true}]}}