{"id":29,"date":"2023-02-14T18:41:14","date_gmt":"2023-02-14T07:41:14","guid":{"rendered":"https:\/\/kosciuszkoheritage.com\/150\/?page_id=29"},"modified":"2024-04-18T22:28:47","modified_gmt":"2024-04-18T12:28:47","slug":"o-roku-strzeleckiego","status":"publish","type":"page","link":"https:\/\/kosciuszkoheritage.com\/150\/o-roku-strzeleckiego\/","title":{"rendered":"O roku Strzeleckiego"},"content":{"rendered":"\n<div class=\"wp-block-buttons is-layout-flex wp-block-buttons-is-layout-flex\">\n<div class=\"wp-block-button\"><a class=\"wp-block-button__link has-white-color has-vivid-purple-background-color has-text-color has-background wp-element-button\" href=\"https:\/\/kosciuszkoheritage.com\/150\/obchody\/\" style=\"border-radius:15px\">Obchody Roku Strzeleckiego<\/a><\/div>\n\n\n\n<div class=\"wp-block-button\"><a class=\"wp-block-button__link has-white-color has-vivid-purple-background-color has-text-color has-background wp-element-button\" href=\"https:\/\/kosciuszkoheritage.com\/150\/konkurs\/\" style=\"border-radius:15px\">Konkurs<\/a><\/div>\n\n\n\n<div class=\"wp-block-button\"><a class=\"wp-block-button__link has-white-color has-vivid-purple-background-color has-text-color has-background wp-element-button\" href=\"https:\/\/kosciuszkoheritage.com\/150\/pawel-strzelecki\/\" style=\"border-radius:15px\">Pawe\u0142 Strzelecki<\/a><\/div>\n\n\n\n<div class=\"wp-block-button\"><a class=\"wp-block-button__link has-white-color has-vivid-purple-background-color has-text-color has-background wp-element-button\" href=\"https:\/\/kosciuszkoheritage.com\/150\/wiadomosci\/\" style=\"border-radius:15px\">aktualno\u015bci<\/a><\/div>\n\n\n\n<div class=\"wp-block-button\"><a class=\"wp-block-button__link has-white-color has-vivid-purple-background-color has-text-color has-background wp-element-button\" href=\"https:\/\/kosciuszkoheritage.com\/150\/lacze\/\" style=\"border-radius:15px\">linki<\/a><\/div>\n\n\n\n<div class=\"wp-block-button\"><a class=\"wp-block-button__link has-black-color has-luminous-vivid-orange-background-color has-text-color has-background wp-element-button\" href=\"https:\/\/kosciuszkoheritage.com\/150\/about\/\" style=\"border-radius:15px\" target=\"_blank\" rel=\"noreferrer noopener\">About The strzelecki year \u2013 english<\/a><\/div>\n<\/div>\n\n\n\n<figure class=\"wp-block-image size-full\"><img loading=\"lazy\" decoding=\"async\" width=\"640\" height=\"392\" src=\"https:\/\/kosciuszkoheritage.com\/150\/wp-content\/uploads\/2023\/02\/Official-Logo-of-the-Strzelecki-Year.640-1.png\" alt=\"\" class=\"wp-image-90\" srcset=\"https:\/\/kosciuszkoheritage.com\/150\/wp-content\/uploads\/2023\/02\/Official-Logo-of-the-Strzelecki-Year.640-1.png 640w, https:\/\/kosciuszkoheritage.com\/150\/wp-content\/uploads\/2023\/02\/Official-Logo-of-the-Strzelecki-Year.640-1-300x184.png 300w\" sizes=\"auto, (max-width: 640px) 100vw, 640px\" \/><figcaption class=\"wp-element-caption\">Wst\u0119pny program obchod\u00f3w Roku Strzeleckiego<\/figcaption><\/figure>\n\n\n\n<p class=\"has-medium-font-size\"><strong>Stycze\u0144-luty 2023 wizyta w Australii profesor\u00f3w z Irlandii<\/strong>, kt\u00f3rzy kilka lat temu opracowali dla Ambasady RP w Dublinie wystaw\u0119 o humanitarnej dzia\u0142alno\u015bci P.E. Strzeleckiego w Irlandii. Prof. Emily Mark-FitzGerald (University College Dublin) &amp; Prof. Peter Gray (Queen\u2019s University Belfast) s\u0105 stypendystami \u201e2022 O\u2019Donnell Irish Studies Fellowship\u201d na Uniwersytecie Melbourne\u0144skim. Ich wyk\u0142ad publiczny&nbsp; na temat Strzeleckiego wyg\u0142oszony b\u0119dzie na Uniwersytecie Melbourne\u0144skim we wtorek 7 lutego o 16:30, <a href=\"http:\/\/www.youtube.com\/watch?v=Tk_h-tH5l_Q\">transmisj\u0119 z wyk\u0142adu w Melbourne mo\u017cna obejrze\u0107  na YouTube<\/a> . W dniu 18 lutego b\u0119d\u0105c go\u015b\u0107mi KHI w Sydney, profesorowie wyg\u0142osili wyk\u0142ad o <a href=\"http:\/\/youtu.be\/WckA93lgs5I\">Strzeleckim. Oto kr\u00f3tka relacja na YouTube.<\/a><\/p>\n\n\n\n<p class=\"has-medium-font-size\"><strong>Luty 2023 \u2013 wsp\u00f3\u0142pracuj\u0105ca z nami Szko\u0142a im. P.E. Strzeleckiego<\/strong> w Melbourne og\u0142asza konkurs pod patronatem UJ; og\u0142oszenie wynik\u00f3w planowane na listopad 2023. B\u0119dziemy wspierac t\u0119 inicjatyw\u0119 medialnie i organizacyjnie. Informacje: <a href=\"mailto:melbournepolishschool@gmail.com\">melbournepolishschool@gmail.com<\/a><\/p>\n\n\n\n<p class=\"has-medium-font-size\"><strong>W po\u0142owie lutego br. PCCV planuje Konferencj\u0119 Lider\u00f3w w Ballarat<\/strong>, gdzie wyg\u0142oszony b\u0119dzie specjalny wyk\u0142ad na temat P.E. Strzeleckiego. Planowany jest te\u017c konkurs dla dzieci i senior\u00f3w. Informacje: <a href=\"mailto:bozena.iwanowski@pccv.org.au\">bozena.iwanowski@pccv.org.au<\/a><\/p>\n\n\n\n<p class=\"has-medium-font-size\"><strong>Marzec 2023 \u2013 og\u0142oszenie Mi\u0119dzynarodowego Konkursu<\/strong> (muzycznego, poetyckiego i plastycznego) <em>In the spirit of Strzelecki<\/em>, na kt\u00f3rego nagrody przeznaczamy AU$25,000.00. S\u0142yszymy, \u017ce z pomoc\u0105 w og\u0142oszeniu konkursu na ca\u0142y \u015bwiat przyjdzie Dzia\u0142 Dyplomacji Publicznej MSZ.&nbsp; Wkr\u00f3tce rozpoczynamy prace nad formowaniem mi\u0119dzynarodowego Jury, kt\u00f3re ma ocenia\u0107 prace w lipcu-sierpniu. Oficjalne og\u0142oszenie nagr\u00f3d planujemy na 6 lub 7 pa\u017adziernika podczas wielkiej gali w Sydney. Informacje: <a href=\"mailto:ernestyna@kosciuszkoheritage.com\">ernestyna@kosciuszkoheritage.com<\/a><\/p>\n\n\n\n<p class=\"has-medium-font-size\"><strong>Maj 2023 \u2013 KHI planuje dwutygodniow\u0105 podr\u00f3\u017c 10-osobowej grupy Aborygen\u00f3w Ngarigo po Polsce<\/strong> -\u015bladami P.E. Strzeleckiego: Krak\u00f3w \u2013 Warszawa-Pozna\u0144. Ngarigo s\u0105 tradycyjnymi kustoszami G\u00f3ry Ko\u015bciuszki, wsp\u00f3\u0142pracujemy z nimi \u015bci\u015ble od 15 lat, s\u0105 bardzo przydatni w tworzeniu pro-polskiego lobby w Australii. Cz\u0119\u015b\u0107 grupy to cz\u0142onkowie ch\u00f3ru Djinama Yilaga, kt\u00f3ry planuje swoje wyst\u0119py w Poznaniu-G\u0142uszynie i na krakowskim Barbakanie. W programie m.in. spotkania w Pa\u0142acu Prezydenckim, w MSZ i Ambasadzie Australijskiej w Warszawie. Podr\u00f3\u017c Ngarigo b\u0119dzie filmowana przez kamerzyst\u0119 z pozna\u0144skiej TV. Informacje: <a href=\"mailto:ernestyna@kosciuszkoheritage.com\">ernestyna@kosciuszkoheritage.com<\/a><\/p>\n\n\n\n<p class=\"has-medium-font-size\"><strong>Maj 2023 \u2013 Adelajda (Australia Po\u0142udniowa), wesp\u00f3\u0142 z Polish Hill Church Museum nasz cz\u0142onek Marysia Thiele organizuje wystaw\u0119 w Domu Polskim<\/strong> \u201eP.E. Strzelecki: Australian Explorer \u2013 Irish Humanitarian\u201d. Informacje: <a href=\"mailto:tajaga.36@icloud.com\">tajaga.36@icloud.com<\/a><\/p>\n\n\n\n<p class=\"has-medium-font-size\"><strong>Lipiec- sierpie\u0144 2023 \u2013 wsp\u00f3\u0142praca z jurorami konkursu<\/strong> In the Spirit of Strzelecki, opracowanie strategii Gali konkursowej; przygotowania do konkursowej publikacji E-BOOK prezentuj\u0105cej wybrane\/najlepsze prace plastyczne i poematy. Jurorzy NIE otrzymuj\u0105 \u017cadnej gratyfikacji pr\u00f3cz dyplom\u00f3w uznania. Koordynator: <a href=\"mailto:ernestyna@kosciuszkoheritage.com\">ernestyna@kosciuszkoheritage.com<\/a><\/p>\n\n\n\n<p class=\"has-medium-font-size\"><strong>Sierpie\u0144 2023 \u2013 na zaproszenie Polish Teachers Association<\/strong> in NSW przybywaj\u0105 z Polski do Australii specjalistki z Akademii DUCH ze specjalnie przygotowanym programem o Strzeleckim dla uczni\u00f3w szk\u00f3\u0142 polonijnych. KHI poprze t\u0119 inicjatyw\u0119 medialnie oraz organizacyjnie. Informacje: <a href=\"mailto:mlacek@optusnet.com.au\">mlacek@optusnet.com.au<\/a><\/p>\n\n\n\n<p class=\"has-medium-font-size\"><strong>Sierpie\u0144 2023 \u2013 impreza w Sydney planowana przez Konsul Generaln\u0105 &nbsp;RP dr Monik\u0119 Ko\u0144czyk wesp\u00f3\u0142 z Konsulatem Irlandzkim. Informacje:&nbsp; <\/strong><a href=\"mailto:marta.kiec-gubala@msz.gov.pl\">marta.kiec-gubala@msz.gov.pl<\/a><\/p>\n\n\n\n<p class=\"has-medium-font-size\"><strong>Wrzesie\u0144 2023 \u2013 administracja konkursowa<\/strong>: przygotowania do produkcji plakat\u00f3w, dyplom\u00f3w oraz Gali konkursowej, wysy\u0142kazaprosze\u0144 do VIP\u00f3w. Koordynator: <a href=\"mailto:ernestyna@kosciuszkoheritage.com\">ernestyna@kosciuszkoheritage.com<\/a><\/p>\n\n\n\n<p class=\"has-medium-font-size\"><strong>6-7 pa\u017adziernika 2023 \u2013 Sydney, Wielka Gala Konkursowa<\/strong> i akademia w 150 rocznic\u0119 \u015bmierci Strzeleckiego; bezpo\u015brednia transmisja internetowa na \u015bwiat. Celebracje z udzia\u0142em uczestnik\u00f3w konkursu.Prezentacja nagrodzonych piosenek na wideo i by\u0107 mo\u017ce kilku na \u017cywo. Informacje: <a href=\"mailto:ernestyna@kosciuszkoheritage.com\">ernestyna@kosciuszkoheritage.com<\/a><\/p>\n\n\n\n<p class=\"has-medium-font-size\"><strong>POLSKA 2-22 pa\u017adziernika 2023 \u2013udzia\u0142 delegacji KHI w g\u0142\u00f3wnych obchodach<\/strong> 150 rocznicy \u015bmierci Strzeleckiego w Polsce; (Krypta Zas\u0142u\u017conych Wielkopolan \u2013 ko\u015bci\u00f3\u0142 \u015bw. Wojciecha w Poznaniu, Biblioteka Raczy\u0144skich, ko\u015bci\u00f3\u0142 \u015bw. Jakuba Aposto\u0142a i szko\u0142a im. Strzeleckiego w G\u0142uszynie, miejscu urodzenia Strzeleckiego oraz Otwarcie Izby Strzeleckiego w Muzeum w Koszutach). Reprezentowa\u0107 nas b\u0119d\u0105: Marysia Thiele i m\u0142oda Aborygenka z Australii oraz Krzysztof Lachowicz cz\u0142onek KHI i Zdzis\u0142aw Leliwa (administrator portalu Mt Kosciuszko) z Polski. W czasie dwutygodniowej podr\u00f3\u017cy grupa ma te\u017c w\u0119drowa\u0107 \u015bladami Strzeleckiego i jego ukochanej Adyny Turno (S\u0119dziny, Objezierze, Jankowice, Wi\u0119ckowice i Dobrzyca). Filmowanie, dokumentacja i fotografowanie: Marysia Thiele wesp\u00f3\u0142 ze Zdzis\u0142awem Leliw\u0105. Informacje: <a href=\"mailto:ernestyna@kosciuszkoheritage.com\">ernestyna@kosciuszkoheritage.com<\/a><\/p>\n\n\n\n<p class=\"has-medium-font-size\"><strong>Snowy Mountains 18-19 listopada 2023<\/strong> -dwie imprezy w miejscowo\u015bciach odleg\u0142ych od siebie o 30 km : 1) Towong, Victoria, ods\u0142oni\u0119cie tablicy pami\u0105tkowej Strzeleckiego na Towong Hill Rd nad rzek\u0105 Murray na trasie Strzeleckiego mi\u0119dzy Welaregang a Bringenbrong Ford w drodze na G\u00f3r\u0119 Ko\u015bciuszki (filmowane z drona) oraz 2) Khancoban, NSW, loty przyja\u017ani polsko-aboryge\u0144skiej cztero-osobowymi samolotami nad G\u00f3r\u0105 Ko\u015bciuszki z lokalnego lotniska; r\u00f3wnie\u017c filmowane z drona. Obie imprezy uwie\u0144czone b\u0119d\u0105 akademi\u0105\/koncertem w pobliskim o\u015brodku Corryong Memorial Hall, gdzie wystawimy najlepsze konkursowe prace plastyczne. Informacje: <a href=\"mailto:ernestyna@kosciuszkoheritage.com\">ernestyna@kosciuszkoheritage.com<\/a><\/p>\n\n\n\n<p class=\"has-medium-font-size\"><strong>GIPPSLAND 1-17 grudnia 2023<\/strong>. Dwutygodniowa wyprawa dla \u201eambasador\u00f3w Strzeleckiego\u201d, m\u0142odej Polonii r\u00f3wnie\u017c z dalekich miast Australii (Darwin, Brisbane, Perth, Adelaide).50-osobowa grupa ruszy autokarem \u015bladami Strzeleckiego w Gippsland w stanie Wiktoria i odwiedzi 7 pomnik\u00f3w postawionych Strzeleckiemu przez Australijczyk\u00f3w w 1926 roku. Planujemy imprez\u0119 kulturaln\u0105 z udzia\u0142em lokalnej spo\u0142eczno\u015bci w <em>zabytkowym Strzelecki Hall<\/em>. Uroczyste zako\u0144czenie Roku Strzeleckiego w Melbourne w Domu Polskim Syrena w sobot\u0119 16 grudnia z koncertem, wyk\u0142adem eksperta z Polski, projekcj\u0105 filmu z Lot\u00f3w Przyja\u017ani oraz promocj\u0105 E-Booka. W niedziel\u0119 17 grudnia uroczysta Msza po\u017cegnalna w Sanktuarium Mi\u0142osierdzia Bo\u017cego w Keysborough. Informacje: <a href=\"mailto:ernestyna@kosciuszkoheritage.com\">ernestyna@kosciuszkoheritage.com<\/a> oraz <a href=\"mailto:mariola.stanikowska@gmail.com\">mariola.stanikowska@gmail.com<\/a><\/p>\n\n\n\n<p class=\"has-medium-font-size\"><strong>Opracowa\u0142a Ernestyna Skurjat-Kozek, Prezes Kosciuszko Heritage Inc.<\/strong><\/p>\n\n\n\n<p class=\"has-medium-font-size\">Sydney, tekst uaktualniony 24 lutego 2023 r.<\/p>\n\n\n\n<p class=\"\"><\/p>\n\n\n\n<p class=\"has-medium-font-size\"><strong>Jest to wst\u0119pny projekt obchod\u00f3w Roku Strzeleckiego, kt\u00f3ry mo\u017ce ulec zmianom lub odwo\u0142aniu wskutek ew. grantowych restrykcji finansowych.<\/strong><\/p>\n\n\n\n<hr class=\"is-style-wide wp-block-separator has-text-color has-vivid-purple-color has-alpha-channel-opacity has-vivid-purple-background-color has-background\"\/>\n\n\n\n<figure class=\"wp-block-image size-large\"><img loading=\"lazy\" decoding=\"async\" width=\"1024\" height=\"649\" src=\"https:\/\/kosciuszkoheritage.com\/150\/wp-content\/uploads\/2024\/04\/KPRM-loga3-1024x649.jpg\" alt=\"\" class=\"wp-image-1546\" srcset=\"https:\/\/kosciuszkoheritage.com\/150\/wp-content\/uploads\/2024\/04\/KPRM-loga3-1024x649.jpg 1024w, https:\/\/kosciuszkoheritage.com\/150\/wp-content\/uploads\/2024\/04\/KPRM-loga3-300x190.jpg 300w, https:\/\/kosciuszkoheritage.com\/150\/wp-content\/uploads\/2024\/04\/KPRM-loga3-768x486.jpg 768w, https:\/\/kosciuszkoheritage.com\/150\/wp-content\/uploads\/2024\/04\/KPRM-loga3.jpg 1113w\" sizes=\"auto, (max-width: 1024px) 100vw, 1024px\" \/><\/figure>\n\n\n<div class=\"wp-block-image\">\n<figure class=\"aligncenter size-large\"><img loading=\"lazy\" decoding=\"async\" width=\"1024\" height=\"576\" src=\"https:\/\/kosciuszkoheritage.com\/150\/wp-content\/uploads\/2023\/04\/baner_partnerzy_v4-1024x576.png\" alt=\"\" class=\"wp-image-728\" srcset=\"https:\/\/kosciuszkoheritage.com\/150\/wp-content\/uploads\/2023\/04\/baner_partnerzy_v4-1024x576.png 1024w, https:\/\/kosciuszkoheritage.com\/150\/wp-content\/uploads\/2023\/04\/baner_partnerzy_v4-300x169.png 300w, https:\/\/kosciuszkoheritage.com\/150\/wp-content\/uploads\/2023\/04\/baner_partnerzy_v4-768x432.png 768w, https:\/\/kosciuszkoheritage.com\/150\/wp-content\/uploads\/2023\/04\/baner_partnerzy_v4-1536x864.png 1536w, https:\/\/kosciuszkoheritage.com\/150\/wp-content\/uploads\/2023\/04\/baner_partnerzy_v4.png 1920w\" sizes=\"auto, (max-width: 1024px) 100vw, 1024px\" \/><\/figure>\n<\/div>\n\n\n<hr class=\"wp-block-separator has-alpha-channel-opacity\"\/>\n","protected":false},"excerpt":{"rendered":"<p>Stycze\u0144-luty 2023 wizyta w Australii profesor\u00f3w z Irlandii, kt\u00f3rzy kilka lat temu opracowali dla Ambasady RP w Dublinie wystaw\u0119 o humanitarnej dzia\u0142alno\u015bci P.E. Strzeleckiego w Irlandii. Prof. Emily Mark-FitzGerald (University College Dublin) &amp; Prof. Peter Gray (Queen\u2019s University Belfast) s\u0105 stypendystami \u201e2022 O\u2019Donnell Irish Studies Fellowship\u201d na Uniwersytecie Melbourne\u0144skim. Ich wyk\u0142ad publiczny&nbsp; na temat Strzeleckiego [&hellip;]<\/p>\n","protected":false},"author":1,"featured_media":0,"parent":0,"menu_order":0,"comment_status":"closed","ping_status":"closed","template":"","meta":{"nf_dc_page":"","om_disable_all_campaigns":false,"_exactmetrics_skip_tracking":false,"_exactmetrics_sitenote_active":false,"_exactmetrics_sitenote_note":"","_exactmetrics_sitenote_category":0,"footnotes":""},"class_list":["post-29","page","type-page","status-publish","hentry"],"aioseo_notices":[],"yoast_head":"<!-- This site is optimized with the Yoast SEO plugin v27.3 - https:\/\/yoast.com\/product\/yoast-seo-wordpress\/ -->\n<title>O roku Strzeleckiego - 2023 Strzelecki Year Competition<\/title>\n<meta name=\"robots\" content=\"index, follow, max-snippet:-1, max-image-preview:large, max-video-preview:-1\" \/>\n<link rel=\"canonical\" href=\"https:\/\/kosciuszkoheritage.com\/150\/o-roku-strzeleckiego\/\" \/>\n<meta property=\"og:locale\" content=\"en_US\" \/>\n<meta property=\"og:type\" content=\"article\" \/>\n<meta property=\"og:title\" content=\"O roku Strzeleckiego - 2023 Strzelecki Year Competition\" \/>\n<meta property=\"og:description\" content=\"Stycze\u0144-luty 2023 wizyta w Australii profesor\u00f3w z Irlandii, kt\u00f3rzy kilka lat temu opracowali dla Ambasady RP w Dublinie wystaw\u0119 o humanitarnej dzia\u0142alno\u015bci P.E. Strzeleckiego w Irlandii. Prof. Emily Mark-FitzGerald (University College Dublin) &amp; Prof. Peter Gray (Queen\u2019s University Belfast) s\u0105 stypendystami \u201e2022 O\u2019Donnell Irish Studies Fellowship\u201d na Uniwersytecie Melbourne\u0144skim. Ich wyk\u0142ad publiczny&nbsp; na temat Strzeleckiego [&hellip;]\" \/>\n<meta property=\"og:url\" content=\"https:\/\/kosciuszkoheritage.com\/150\/o-roku-strzeleckiego\/\" \/>\n<meta property=\"og:site_name\" content=\"2023 Strzelecki Year Competition\" \/>\n<meta property=\"article:modified_time\" content=\"2024-04-18T12:28:47+00:00\" \/>\n<meta property=\"og:image\" content=\"https:\/\/kosciuszkoheritage.com\/150\/wp-content\/uploads\/2023\/02\/Official-Logo-of-the-Strzelecki-Year.640-1.png\" \/>\n<meta name=\"twitter:card\" content=\"summary_large_image\" \/>\n<meta name=\"twitter:label1\" content=\"Est. reading time\" \/>\n\t<meta name=\"twitter:data1\" content=\"5 minutes\" \/>\n<script type=\"application\/ld+json\" class=\"yoast-schema-graph\">{\"@context\":\"https:\\\/\\\/schema.org\",\"@graph\":[{\"@type\":\"WebPage\",\"@id\":\"https:\\\/\\\/kosciuszkoheritage.com\\\/150\\\/o-roku-strzeleckiego\\\/\",\"url\":\"https:\\\/\\\/kosciuszkoheritage.com\\\/150\\\/o-roku-strzeleckiego\\\/\",\"name\":\"O roku Strzeleckiego - 2023 Strzelecki Year Competition\",\"isPartOf\":{\"@id\":\"https:\\\/\\\/kosciuszkoheritage.com\\\/150\\\/#website\"},\"primaryImageOfPage\":{\"@id\":\"https:\\\/\\\/kosciuszkoheritage.com\\\/150\\\/o-roku-strzeleckiego\\\/#primaryimage\"},\"image\":{\"@id\":\"https:\\\/\\\/kosciuszkoheritage.com\\\/150\\\/o-roku-strzeleckiego\\\/#primaryimage\"},\"thumbnailUrl\":\"https:\\\/\\\/kosciuszkoheritage.com\\\/150\\\/wp-content\\\/uploads\\\/2023\\\/02\\\/Official-Logo-of-the-Strzelecki-Year.640-1.png\",\"datePublished\":\"2023-02-14T07:41:14+00:00\",\"dateModified\":\"2024-04-18T12:28:47+00:00\",\"breadcrumb\":{\"@id\":\"https:\\\/\\\/kosciuszkoheritage.com\\\/150\\\/o-roku-strzeleckiego\\\/#breadcrumb\"},\"inLanguage\":\"en-US\",\"potentialAction\":[{\"@type\":\"ReadAction\",\"target\":[\"https:\\\/\\\/kosciuszkoheritage.com\\\/150\\\/o-roku-strzeleckiego\\\/\"]}]},{\"@type\":\"ImageObject\",\"inLanguage\":\"en-US\",\"@id\":\"https:\\\/\\\/kosciuszkoheritage.com\\\/150\\\/o-roku-strzeleckiego\\\/#primaryimage\",\"url\":\"https:\\\/\\\/kosciuszkoheritage.com\\\/150\\\/wp-content\\\/uploads\\\/2023\\\/02\\\/Official-Logo-of-the-Strzelecki-Year.640-1.png\",\"contentUrl\":\"https:\\\/\\\/kosciuszkoheritage.com\\\/150\\\/wp-content\\\/uploads\\\/2023\\\/02\\\/Official-Logo-of-the-Strzelecki-Year.640-1.png\",\"width\":640,\"height\":392},{\"@type\":\"BreadcrumbList\",\"@id\":\"https:\\\/\\\/kosciuszkoheritage.com\\\/150\\\/o-roku-strzeleckiego\\\/#breadcrumb\",\"itemListElement\":[{\"@type\":\"ListItem\",\"position\":1,\"name\":\"Home\",\"item\":\"https:\\\/\\\/kosciuszkoheritage.com\\\/150\\\/\"},{\"@type\":\"ListItem\",\"position\":2,\"name\":\"O roku Strzeleckiego\"}]},{\"@type\":\"WebSite\",\"@id\":\"https:\\\/\\\/kosciuszkoheritage.com\\\/150\\\/#website\",\"url\":\"https:\\\/\\\/kosciuszkoheritage.com\\\/150\\\/\",\"name\":\"2023 Strzelecki Year Competition\",\"description\":\"\",\"potentialAction\":[{\"@type\":\"SearchAction\",\"target\":{\"@type\":\"EntryPoint\",\"urlTemplate\":\"https:\\\/\\\/kosciuszkoheritage.com\\\/150\\\/?s={search_term_string}\"},\"query-input\":{\"@type\":\"PropertyValueSpecification\",\"valueRequired\":true,\"valueName\":\"search_term_string\"}}],\"inLanguage\":\"en-US\"}]}<\/script>\n<!-- \/ Yoast SEO plugin. -->","yoast_head_json":{"title":"O roku Strzeleckiego - 2023 Strzelecki Year Competition","robots":{"index":"index","follow":"follow","max-snippet":"max-snippet:-1","max-image-preview":"max-image-preview:large","max-video-preview":"max-video-preview:-1"},"canonical":"https:\/\/kosciuszkoheritage.com\/150\/o-roku-strzeleckiego\/","og_locale":"en_US","og_type":"article","og_title":"O roku Strzeleckiego - 2023 Strzelecki Year Competition","og_description":"Stycze\u0144-luty 2023 wizyta w Australii profesor\u00f3w z Irlandii, kt\u00f3rzy kilka lat temu opracowali dla Ambasady RP w Dublinie wystaw\u0119 o humanitarnej dzia\u0142alno\u015bci P.E. Strzeleckiego w Irlandii. Prof. Emily Mark-FitzGerald (University College Dublin) &amp; Prof. Peter Gray (Queen\u2019s University Belfast) s\u0105 stypendystami \u201e2022 O\u2019Donnell Irish Studies Fellowship\u201d na Uniwersytecie Melbourne\u0144skim. Ich wyk\u0142ad publiczny&nbsp; na temat Strzeleckiego [&hellip;]","og_url":"https:\/\/kosciuszkoheritage.com\/150\/o-roku-strzeleckiego\/","og_site_name":"2023 Strzelecki Year Competition","article_modified_time":"2024-04-18T12:28:47+00:00","og_image":[{"url":"https:\/\/kosciuszkoheritage.com\/150\/wp-content\/uploads\/2023\/02\/Official-Logo-of-the-Strzelecki-Year.640-1.png","type":"","width":"","height":""}],"twitter_card":"summary_large_image","twitter_misc":{"Est. reading time":"5 minutes"},"schema":{"@context":"https:\/\/schema.org","@graph":[{"@type":"WebPage","@id":"https:\/\/kosciuszkoheritage.com\/150\/o-roku-strzeleckiego\/","url":"https:\/\/kosciuszkoheritage.com\/150\/o-roku-strzeleckiego\/","name":"O roku Strzeleckiego - 2023 Strzelecki Year Competition","isPartOf":{"@id":"https:\/\/kosciuszkoheritage.com\/150\/#website"},"primaryImageOfPage":{"@id":"https:\/\/kosciuszkoheritage.com\/150\/o-roku-strzeleckiego\/#primaryimage"},"image":{"@id":"https:\/\/kosciuszkoheritage.com\/150\/o-roku-strzeleckiego\/#primaryimage"},"thumbnailUrl":"https:\/\/kosciuszkoheritage.com\/150\/wp-content\/uploads\/2023\/02\/Official-Logo-of-the-Strzelecki-Year.640-1.png","datePublished":"2023-02-14T07:41:14+00:00","dateModified":"2024-04-18T12:28:47+00:00","breadcrumb":{"@id":"https:\/\/kosciuszkoheritage.com\/150\/o-roku-strzeleckiego\/#breadcrumb"},"inLanguage":"en-US","potentialAction":[{"@type":"ReadAction","target":["https:\/\/kosciuszkoheritage.com\/150\/o-roku-strzeleckiego\/"]}]},{"@type":"ImageObject","inLanguage":"en-US","@id":"https:\/\/kosciuszkoheritage.com\/150\/o-roku-strzeleckiego\/#primaryimage","url":"https:\/\/kosciuszkoheritage.com\/150\/wp-content\/uploads\/2023\/02\/Official-Logo-of-the-Strzelecki-Year.640-1.png","contentUrl":"https:\/\/kosciuszkoheritage.com\/150\/wp-content\/uploads\/2023\/02\/Official-Logo-of-the-Strzelecki-Year.640-1.png","width":640,"height":392},{"@type":"BreadcrumbList","@id":"https:\/\/kosciuszkoheritage.com\/150\/o-roku-strzeleckiego\/#breadcrumb","itemListElement":[{"@type":"ListItem","position":1,"name":"Home","item":"https:\/\/kosciuszkoheritage.com\/150\/"},{"@type":"ListItem","position":2,"name":"O roku Strzeleckiego"}]},{"@type":"WebSite","@id":"https:\/\/kosciuszkoheritage.com\/150\/#website","url":"https:\/\/kosciuszkoheritage.com\/150\/","name":"2023 Strzelecki Year Competition","description":"","potentialAction":[{"@type":"SearchAction","target":{"@type":"EntryPoint","urlTemplate":"https:\/\/kosciuszkoheritage.com\/150\/?s={search_term_string}"},"query-input":{"@type":"PropertyValueSpecification","valueRequired":true,"valueName":"search_term_string"}}],"inLanguage":"en-US"}]}},"_links":{"self":[{"href":"https:\/\/kosciuszkoheritage.com\/150\/wp-json\/wp\/v2\/pages\/29","targetHints":{"allow":["GET"]}}],"collection":[{"href":"https:\/\/kosciuszkoheritage.com\/150\/wp-json\/wp\/v2\/pages"}],"about":[{"href":"https:\/\/kosciuszkoheritage.com\/150\/wp-json\/wp\/v2\/types\/page"}],"author":[{"embeddable":true,"href":"https:\/\/kosciuszkoheritage.com\/150\/wp-json\/wp\/v2\/users\/1"}],"replies":[{"embeddable":true,"href":"https:\/\/kosciuszkoheritage.com\/150\/wp-json\/wp\/v2\/comments?post=29"}],"version-history":[{"count":5,"href":"https:\/\/kosciuszkoheritage.com\/150\/wp-json\/wp\/v2\/pages\/29\/revisions"}],"predecessor-version":[{"id":1551,"href":"https:\/\/kosciuszkoheritage.com\/150\/wp-json\/wp\/v2\/pages\/29\/revisions\/1551"}],"wp:attachment":[{"href":"https:\/\/kosciuszkoheritage.com\/150\/wp-json\/wp\/v2\/media?parent=29"}],"curies":[{"name":"wp","href":"https:\/\/api.w.org\/{rel}","templated":true}]}}