{"id":25,"date":"2023-02-14T18:38:45","date_gmt":"2023-02-14T07:38:45","guid":{"rendered":"https:\/\/kosciuszkoheritage.com\/150\/?page_id=25"},"modified":"2024-04-18T22:31:10","modified_gmt":"2024-04-18T12:31:10","slug":"konkurs","status":"publish","type":"page","link":"https:\/\/kosciuszkoheritage.com\/150\/konkurs\/","title":{"rendered":"Konkurs"},"content":{"rendered":"\n<div class=\"wp-block-buttons is-layout-flex wp-block-buttons-is-layout-flex\">\n<div class=\"wp-block-button\"><a class=\"wp-block-button__link has-white-color has-vivid-purple-background-color has-text-color has-background wp-element-button\" href=\"https:\/\/kosciuszkoheritage.com\/150\/o-roku-strzeleckiego\/\" style=\"border-radius:15px\">o roku strzeleckiego<\/a><\/div>\n\n\n\n<div class=\"wp-block-button\"><a class=\"wp-block-button__link has-white-color has-vivid-purple-background-color has-text-color has-background wp-element-button\" href=\"https:\/\/kosciuszkoheritage.com\/150\/obchody\/\" style=\"border-radius:15px\">obchody roku strzeleckiego<\/a><\/div>\n\n\n\n<div class=\"wp-block-button\"><a class=\"wp-block-button__link has-white-color has-vivid-purple-background-color has-text-color has-background wp-element-button\" href=\"https:\/\/kosciuszkoheritage.com\/150\/pawel-strzelecki\/\" style=\"border-radius:15px\">pawe\u0142 strzelecki<\/a><\/div>\n\n\n\n<div class=\"wp-block-button\"><a class=\"wp-block-button__link has-white-color has-vivid-purple-background-color has-text-color has-background wp-element-button\" href=\"https:\/\/kosciuszkoheritage.com\/150\/wiadomosci\/\" style=\"border-radius:15px\">aktualno\u015bci<\/a><\/div>\n\n\n\n<div class=\"wp-block-button\"><a class=\"wp-block-button__link has-white-color has-vivid-purple-background-color has-text-color has-background wp-element-button\" href=\"https:\/\/kosciuszkoheritage.com\/150\/lacze\/\" style=\"border-radius:15px\">linki<\/a><\/div>\n\n\n\n<div class=\"wp-block-button\"><a class=\"wp-block-button__link has-black-color has-luminous-vivid-orange-background-color has-text-color has-background wp-element-button\" href=\"https:\/\/kosciuszkoheritage.com\/150\/competition\/\" style=\"border-radius:15px\" target=\"_blank\" rel=\"noreferrer noopener\">competition \u2013 english<\/a><\/div>\n<\/div>\n\n\n\n<p class=\"\"><\/p>\n\n\n\n<p class=\"has-blush-light-purple-gradient-background has-background has-medium-font-size\"><strong>Og\u0142oszenie Werdyktu Mi\u0119dzynarodowego Konkursu \u201cW duchu Strzeleckiego\u201d <a href=\"https:\/\/kosciuszkoheritage.com\/150\/ogloszenie-werdyktu-miedzynarodowego-konkursu-in-the-spirit-of-strzelecki\/\">PRZECZYTAJ TUTAJ<\/a><\/strong><\/p>\n\n\n\n<p class=\"has-medium-font-size\"><br><strong>Mi\u0119dzynarodowy Konkurs \u201cW duchu Strzeleckiego\u201d<br>Strzelecki \u2013 Przyjaciel rdzennej ludno\u015bci (Friend of the First Nation Peoples<\/strong>)<\/p>\n\n\n\n<p class=\"has-vivid-cyan-blue-color has-text-color has-medium-font-size\"><strong>Przy wsparciu Ambasady RP w Canberze.<\/strong><\/p>\n\n\n\n<p class=\"has-medium-font-size\"><strong>Nadszed\u0142 wielki moment. 1 marca 2023 r. uroczy\u015bcie og\u0142aszamy Mi\u0119dzynarodowy Konkurs \u201cW duchu Strzeleckiego\u201d w&nbsp; ho\u0142dzie wielkiemu odkrywcy, akademikowi, filantropowi, przyjacielowi&nbsp; Aborygen\u00f3w.&nbsp; Konkurs organizujemy z okazji&nbsp; Roku Strzeleckiego og\u0142oszonego przez Sejm Rzeczypospolitej w 150 rocznic\u0119 \u015bmierci Paw\u0142a Edmunda. Poni\u017cej linki do Regulaminu, Karty zg\u0142oszeniowej oraz pomocy konkursowych.<\/strong><\/p>\n\n\n\n<p class=\"has-medium-font-size\"><a href=\"https:\/\/kosciuszkoheritage.com\/150\/wp-content\/uploads\/2023\/02\/W-HOLDZIE-PAWLOWI-EDMUNDOWI-STRZELECKIEMU.pdf\" target=\"_blank\" rel=\"noreferrer noopener\">PDF. Regulamin Konkursowy w Duchu Strzeleckiego<\/a><\/p>\n\n\n\n<p class=\"has-medium-font-size\"><a href=\"https:\/\/www.zrobtosam.com\/PulsPol\/Puls\/pdf\/FormularzZgloszeniowyMiedzynarodowyKonkursStrzeleckiego.pdf\" target=\"_blank\" rel=\"noreferrer noopener\">Konkursowa Karta Zg\u0142oszeniowa PDF<\/a><\/p>\n\n\n\n<p class=\"has-medium-font-size\"><a href=\"https:\/\/www.zrobtosam.com\/PulsPol\/Puls\/docx\/FormularzZgloszeniowyMiedzynarodowyKonkursStrzeleckiego.docx\" target=\"_blank\" rel=\"noreferrer noopener\">Konkursowa Karta Zg\u0142oszeniowa DOCX<\/a><\/p>\n\n\n\n<p class=\"has-medium-font-size\"><strong>Inicjatorem Konkursu jest sydnejska organizacja Kosciuszko Heritage Inc., wspierana przez&nbsp;Ambasad\u0119 RP w Canberze,  Polsk\u0105 Fundacj\u0119 Ko\u015bciuszkowsk\u0105 w Warszawie, Komitet Kopca Ko\u015bciuszki w Krakowie, Bibliotek\u0119 Raczy\u0144skich w Poznaniu&nbsp; oraz Federacj\u0119 Organizacji Polskich w Nowej Po\u0142udniowej Walii. Na zwyci\u0119zc\u00f3w konkursu czekaj\u0105 nagrody o \u0142\u0105cznej warto\u015bci ponad 25 tysi\u0119cy dolar\u00f3w australijskich oraz inne, atrakcyjne nagrody rzeczowe. W Konkursie mamy trzy kategorie : muzyczn\u0105, plastyczn\u0105 oraz poetyck\u0105.<\/strong><\/p>\n\n\n\n<p class=\"has-medium-font-size\"><strong>Zach\u0119camy do komponowania piosenek, pie\u015bni, lub ballad po polsku lub po angielsku i nadsy\u0142ania ich poczt\u0105 elektroniczn\u0105 w formie audio lub wideo. I nagroda za najlepsz\u0105 piosenk\u0119 PI\u0118\u0106&nbsp; tysi\u0119cy dolar\u00f3w! W kategorii plastycznej du\u017ca rozmaito\u015b\u0107&nbsp; form: portrety, sceny rodzajowe, kola\u017ce, komiksy, karykatury, plakaty, memy, logotypy, projekty murali czy medalion\u00f3w \u2013 do nadsy\u0142ania w postaci digital. W kategorii poetyckiej&nbsp; oczekujemy wierszy po polsku lub angielsku, nie d\u0142u\u017cszych ni\u017c tysi\u0105c s\u0142\u00f3w.<\/strong><\/p>\n\n\n\n<p class=\"has-medium-font-size\"><strong>Bior\u0105c udzia\u0142 w konkursie masz fantastyczn\u0105 szans\u0119 zaprezentowania swych&nbsp; talent\u00f3w w skali mi\u0119dzynarodowej.<\/strong><\/p>\n\n\n\n<p class=\"has-medium-font-size\"><strong>Konkurs dla doros\u0142ych oraz m\u0142odzie\u017cy (w wieku 12-18 lat)&nbsp; potrwa do 20 lipca. Na czele zespo\u0142u juror\u00f3w stoi Dr Leszek Marek&nbsp; Krze\u015bniak, wieloletni prezes Polskiej Fundacji Ko\u015bciuszkowskiej. Ca\u0142\u0105 list\u0119 juror\u00f3w oraz informacje o nagrodach znajdziesz w REGULAMINIE KONKURSU. Werdykt Jury&nbsp; b\u0119dzie og\u0142oszony&nbsp; 6 pa\u017adziernika 2023&nbsp; podczas uroczystej gali w Sydney.<\/strong><\/p>\n\n\n\n<p class=\"has-medium-font-size\"><strong>Tymczasem zapraszamy do studiowania&nbsp; materia\u0142\u00f3w pomocniczych,&nbsp; rekomendowanych&nbsp; link\u00f3w oraz ikonografii. Chcemy Was przygotowa\u0107 jak najlepiej do konkursu. Niechaj Strzelecki&nbsp; przyniesie Wam \u015bwiatow\u0105  s\u0142aw\u0119!<\/strong><\/p>\n\n\n\n<p class=\"has-medium-font-size\"><strong>TU KONKURSOWE POMOCE<\/strong><\/p>\n\n\n\n<p class=\"has-medium-font-size\"><a href=\"http:\/\/www.zrobtosam.com\/PulsPol\/Puls3\/index.php?sekcja=32&amp;arty_id=22538\" target=\"_blank\" rel=\"noreferrer noopener\">Polecane linki do publikacji internetowych<\/a><\/p>\n\n\n\n<p class=\"has-medium-font-size\"><a href=\"https:\/\/www.flickr.com\/photos\/195439501@N08\/albums\/72177720306158966\" target=\"_blank\" rel=\"noreferrer noopener\">Link do Konkursowej ikonografii<\/a><\/p>\n\n\n\n<p class=\"has-blush-light-purple-gradient-background has-background has-medium-font-size\"><a href=\"https:\/\/kosciuszkoheritage.com\/150\/poznaj-jurorow-konkursu\/\"><strong>Poznaj juror\u00f3w konkursu<\/strong><\/a><\/p>\n\n\n\n<figure class=\"wp-embed-aspect-16-9 wp-has-aspect-ratio wp-block-embed is-type-video is-provider-youtube wp-block-embed-youtube\"><div class=\"wp-block-embed__wrapper\">\n<iframe loading=\"lazy\" title=\"Promo Konkursu Strzeleckiego\" width=\"525\" height=\"295\" src=\"https:\/\/www.youtube.com\/embed\/ex2v1JegPqw?feature=oembed\" frameborder=\"0\" allow=\"accelerometer; autoplay; clipboard-write; encrypted-media; gyroscope; picture-in-picture; web-share\" referrerpolicy=\"strict-origin-when-cross-origin\" allowfullscreen><\/iframe>\n<\/div><\/figure>\n\n\n\n<hr class=\"wp-block-separator has-alpha-channel-opacity\"\/>\n\n\n\n<p class=\"\"><strong>Opublikowane na:<\/strong> <a href=\"http:\/\/kosciuszkoheritage.com\/150\/\" target=\"_blank\" rel=\"noreferrer noopener\"><strong>kosciuszkoheritage.com\/150\/<\/strong><\/a><br><strong>Kontakt: Dr Ernestyna Skurjat-Kozek <a href=\"mailto:office@kosciuszkoheritage.com\" target=\"_blank\" rel=\"noreferrer noopener\">office@kosciuszkoheritage.com<\/a><\/strong><\/p>\n\n\n\n<hr class=\"wp-block-separator has-alpha-channel-opacity\"\/>\n\n\n\n<hr class=\"is-style-wide wp-block-separator has-text-color has-vivid-purple-color has-alpha-channel-opacity has-vivid-purple-background-color has-background\"\/>\n\n\n\n<div class=\"wp-block-group alignfull has-text-color has-background\" style=\"color:#000000;background-color:#ffffff\"><div class=\"wp-block-group__inner-container is-layout-flow wp-block-group-is-layout-flow\">\n<h1 class=\"wp-block-heading has-text-align-center\" id=\"schedule-a-visit\" style=\"font-size:59px;line-height:1.15\"><strong>Poznaj juror\u00f3w konkursu<\/strong><br><\/h1>\n\n\n\n<div class=\"wp-block-buttons is-horizontal is-content-justification-center is-layout-flex wp-container-core-buttons-is-layout-499968f5 wp-block-buttons-is-layout-flex\">\n<div class=\"wp-block-button has-custom-width wp-block-button__width-25 has-custom-font-size has-medium-font-size\"><a class=\"wp-block-button__link has-vivid-purple-background-color has-text-color has-background wp-element-button\" href=\"https:\/\/kosciuszkoheritage.com\/150\/poznaj-jurorow-konkursu\/\" style=\"border-radius:15px;color:#ffffff\" target=\"_blank\" rel=\"noreferrer noopener\">czytaj wi\u0119cej<\/a><\/div>\n<\/div>\n\n\n\n<div style=\"height:64px\" aria-hidden=\"true\" class=\"wp-block-spacer\"><\/div>\n<\/div><\/div>\n\n\n\n<hr class=\"is-style-wide wp-block-separator has-text-color has-vivid-purple-color has-alpha-channel-opacity has-vivid-purple-background-color has-background\"\/>\n\n\n\n<hr class=\"wp-block-separator has-alpha-channel-opacity\"\/>\n\n\n\n<figure class=\"wp-block-image size-large\"><img loading=\"lazy\" decoding=\"async\" width=\"1024\" height=\"649\" src=\"https:\/\/kosciuszkoheritage.com\/150\/wp-content\/uploads\/2024\/04\/KPRM-loga3-1024x649.jpg\" alt=\"\" class=\"wp-image-1546\" srcset=\"https:\/\/kosciuszkoheritage.com\/150\/wp-content\/uploads\/2024\/04\/KPRM-loga3-1024x649.jpg 1024w, https:\/\/kosciuszkoheritage.com\/150\/wp-content\/uploads\/2024\/04\/KPRM-loga3-300x190.jpg 300w, https:\/\/kosciuszkoheritage.com\/150\/wp-content\/uploads\/2024\/04\/KPRM-loga3-768x486.jpg 768w, https:\/\/kosciuszkoheritage.com\/150\/wp-content\/uploads\/2024\/04\/KPRM-loga3.jpg 1113w\" sizes=\"auto, (max-width: 1024px) 100vw, 1024px\" \/><\/figure>\n\n\n<div class=\"wp-block-image\">\n<figure class=\"aligncenter size-large\"><img loading=\"lazy\" decoding=\"async\" width=\"1024\" height=\"576\" src=\"https:\/\/kosciuszkoheritage.com\/150\/wp-content\/uploads\/2023\/04\/baner_partnerzy_v4-1024x576.png\" alt=\"\" class=\"wp-image-728\" srcset=\"https:\/\/kosciuszkoheritage.com\/150\/wp-content\/uploads\/2023\/04\/baner_partnerzy_v4-1024x576.png 1024w, https:\/\/kosciuszkoheritage.com\/150\/wp-content\/uploads\/2023\/04\/baner_partnerzy_v4-300x169.png 300w, https:\/\/kosciuszkoheritage.com\/150\/wp-content\/uploads\/2023\/04\/baner_partnerzy_v4-768x432.png 768w, https:\/\/kosciuszkoheritage.com\/150\/wp-content\/uploads\/2023\/04\/baner_partnerzy_v4-1536x864.png 1536w, https:\/\/kosciuszkoheritage.com\/150\/wp-content\/uploads\/2023\/04\/baner_partnerzy_v4.png 1920w\" sizes=\"auto, (max-width: 1024px) 100vw, 1024px\" \/><\/figure>\n<\/div>","protected":false},"excerpt":{"rendered":"<p>Og\u0142oszenie Werdyktu Mi\u0119dzynarodowego Konkursu \u201cW duchu Strzeleckiego\u201d PRZECZYTAJ TUTAJ Mi\u0119dzynarodowy Konkurs \u201cW duchu Strzeleckiego\u201dStrzelecki \u2013 Przyjaciel rdzennej ludno\u015bci (Friend of the First Nation Peoples) Przy wsparciu Ambasady RP w Canberze. Nadszed\u0142 wielki moment. 1 marca 2023 r. uroczy\u015bcie og\u0142aszamy Mi\u0119dzynarodowy Konkurs \u201cW duchu Strzeleckiego\u201d w&nbsp; ho\u0142dzie wielkiemu odkrywcy, akademikowi, filantropowi, przyjacielowi&nbsp; Aborygen\u00f3w.&nbsp; Konkurs organizujemy z [&hellip;]<\/p>\n","protected":false},"author":1,"featured_media":0,"parent":0,"menu_order":0,"comment_status":"closed","ping_status":"closed","template":"","meta":{"nf_dc_page":"","om_disable_all_campaigns":false,"_exactmetrics_skip_tracking":false,"_exactmetrics_sitenote_active":false,"_exactmetrics_sitenote_note":"","_exactmetrics_sitenote_category":0,"footnotes":""},"class_list":["post-25","page","type-page","status-publish","hentry"],"aioseo_notices":[],"yoast_head":"<!-- This site is optimized with the Yoast SEO plugin v27.3 - https:\/\/yoast.com\/product\/yoast-seo-wordpress\/ -->\n<title>Konkurs - 2023 Strzelecki Year Competition<\/title>\n<meta name=\"robots\" content=\"index, follow, max-snippet:-1, max-image-preview:large, max-video-preview:-1\" \/>\n<link rel=\"canonical\" href=\"https:\/\/kosciuszkoheritage.com\/150\/konkurs\/\" \/>\n<meta property=\"og:locale\" content=\"en_US\" \/>\n<meta property=\"og:type\" content=\"article\" \/>\n<meta property=\"og:title\" content=\"Konkurs - 2023 Strzelecki Year Competition\" \/>\n<meta property=\"og:description\" content=\"Og\u0142oszenie Werdyktu Mi\u0119dzynarodowego Konkursu \u201cW duchu Strzeleckiego\u201d PRZECZYTAJ TUTAJ Mi\u0119dzynarodowy Konkurs \u201cW duchu Strzeleckiego\u201dStrzelecki \u2013 Przyjaciel rdzennej ludno\u015bci (Friend of the First Nation Peoples) Przy wsparciu Ambasady RP w Canberze. Nadszed\u0142 wielki moment. 1 marca 2023 r. uroczy\u015bcie og\u0142aszamy Mi\u0119dzynarodowy Konkurs \u201cW duchu Strzeleckiego\u201d w&nbsp; ho\u0142dzie wielkiemu odkrywcy, akademikowi, filantropowi, przyjacielowi&nbsp; Aborygen\u00f3w.&nbsp; Konkurs organizujemy z [&hellip;]\" \/>\n<meta property=\"og:url\" content=\"https:\/\/kosciuszkoheritage.com\/150\/konkurs\/\" \/>\n<meta property=\"og:site_name\" content=\"2023 Strzelecki Year Competition\" \/>\n<meta property=\"article:modified_time\" content=\"2024-04-18T12:31:10+00:00\" \/>\n<meta property=\"og:image\" content=\"https:\/\/kosciuszkoheritage.com\/150\/wp-content\/uploads\/2024\/04\/KPRM-loga3-1024x649.jpg\" \/>\n<meta name=\"twitter:card\" content=\"summary_large_image\" \/>\n<meta name=\"twitter:label1\" content=\"Est. reading time\" \/>\n\t<meta name=\"twitter:data1\" content=\"2 minutes\" \/>\n<script type=\"application\/ld+json\" class=\"yoast-schema-graph\">{\"@context\":\"https:\\\/\\\/schema.org\",\"@graph\":[{\"@type\":\"WebPage\",\"@id\":\"https:\\\/\\\/kosciuszkoheritage.com\\\/150\\\/konkurs\\\/\",\"url\":\"https:\\\/\\\/kosciuszkoheritage.com\\\/150\\\/konkurs\\\/\",\"name\":\"Konkurs - 2023 Strzelecki Year Competition\",\"isPartOf\":{\"@id\":\"https:\\\/\\\/kosciuszkoheritage.com\\\/150\\\/#website\"},\"primaryImageOfPage\":{\"@id\":\"https:\\\/\\\/kosciuszkoheritage.com\\\/150\\\/konkurs\\\/#primaryimage\"},\"image\":{\"@id\":\"https:\\\/\\\/kosciuszkoheritage.com\\\/150\\\/konkurs\\\/#primaryimage\"},\"thumbnailUrl\":\"https:\\\/\\\/kosciuszkoheritage.com\\\/150\\\/wp-content\\\/uploads\\\/2024\\\/04\\\/KPRM-loga3-1024x649.jpg\",\"datePublished\":\"2023-02-14T07:38:45+00:00\",\"dateModified\":\"2024-04-18T12:31:10+00:00\",\"breadcrumb\":{\"@id\":\"https:\\\/\\\/kosciuszkoheritage.com\\\/150\\\/konkurs\\\/#breadcrumb\"},\"inLanguage\":\"en-US\",\"potentialAction\":[{\"@type\":\"ReadAction\",\"target\":[\"https:\\\/\\\/kosciuszkoheritage.com\\\/150\\\/konkurs\\\/\"]}]},{\"@type\":\"ImageObject\",\"inLanguage\":\"en-US\",\"@id\":\"https:\\\/\\\/kosciuszkoheritage.com\\\/150\\\/konkurs\\\/#primaryimage\",\"url\":\"https:\\\/\\\/kosciuszkoheritage.com\\\/150\\\/wp-content\\\/uploads\\\/2024\\\/04\\\/KPRM-loga3.jpg\",\"contentUrl\":\"https:\\\/\\\/kosciuszkoheritage.com\\\/150\\\/wp-content\\\/uploads\\\/2024\\\/04\\\/KPRM-loga3.jpg\",\"width\":1113,\"height\":705},{\"@type\":\"BreadcrumbList\",\"@id\":\"https:\\\/\\\/kosciuszkoheritage.com\\\/150\\\/konkurs\\\/#breadcrumb\",\"itemListElement\":[{\"@type\":\"ListItem\",\"position\":1,\"name\":\"Home\",\"item\":\"https:\\\/\\\/kosciuszkoheritage.com\\\/150\\\/\"},{\"@type\":\"ListItem\",\"position\":2,\"name\":\"Konkurs\"}]},{\"@type\":\"WebSite\",\"@id\":\"https:\\\/\\\/kosciuszkoheritage.com\\\/150\\\/#website\",\"url\":\"https:\\\/\\\/kosciuszkoheritage.com\\\/150\\\/\",\"name\":\"2023 Strzelecki Year Competition\",\"description\":\"\",\"potentialAction\":[{\"@type\":\"SearchAction\",\"target\":{\"@type\":\"EntryPoint\",\"urlTemplate\":\"https:\\\/\\\/kosciuszkoheritage.com\\\/150\\\/?s={search_term_string}\"},\"query-input\":{\"@type\":\"PropertyValueSpecification\",\"valueRequired\":true,\"valueName\":\"search_term_string\"}}],\"inLanguage\":\"en-US\"}]}<\/script>\n<!-- \/ Yoast SEO plugin. -->","yoast_head_json":{"title":"Konkurs - 2023 Strzelecki Year Competition","robots":{"index":"index","follow":"follow","max-snippet":"max-snippet:-1","max-image-preview":"max-image-preview:large","max-video-preview":"max-video-preview:-1"},"canonical":"https:\/\/kosciuszkoheritage.com\/150\/konkurs\/","og_locale":"en_US","og_type":"article","og_title":"Konkurs - 2023 Strzelecki Year Competition","og_description":"Og\u0142oszenie Werdyktu Mi\u0119dzynarodowego Konkursu \u201cW duchu Strzeleckiego\u201d PRZECZYTAJ TUTAJ Mi\u0119dzynarodowy Konkurs \u201cW duchu Strzeleckiego\u201dStrzelecki \u2013 Przyjaciel rdzennej ludno\u015bci (Friend of the First Nation Peoples) Przy wsparciu Ambasady RP w Canberze. Nadszed\u0142 wielki moment. 1 marca 2023 r. uroczy\u015bcie og\u0142aszamy Mi\u0119dzynarodowy Konkurs \u201cW duchu Strzeleckiego\u201d w&nbsp; ho\u0142dzie wielkiemu odkrywcy, akademikowi, filantropowi, przyjacielowi&nbsp; Aborygen\u00f3w.&nbsp; Konkurs organizujemy z [&hellip;]","og_url":"https:\/\/kosciuszkoheritage.com\/150\/konkurs\/","og_site_name":"2023 Strzelecki Year Competition","article_modified_time":"2024-04-18T12:31:10+00:00","og_image":[{"url":"https:\/\/kosciuszkoheritage.com\/150\/wp-content\/uploads\/2024\/04\/KPRM-loga3-1024x649.jpg","type":"","width":"","height":""}],"twitter_card":"summary_large_image","twitter_misc":{"Est. reading time":"2 minutes"},"schema":{"@context":"https:\/\/schema.org","@graph":[{"@type":"WebPage","@id":"https:\/\/kosciuszkoheritage.com\/150\/konkurs\/","url":"https:\/\/kosciuszkoheritage.com\/150\/konkurs\/","name":"Konkurs - 2023 Strzelecki Year Competition","isPartOf":{"@id":"https:\/\/kosciuszkoheritage.com\/150\/#website"},"primaryImageOfPage":{"@id":"https:\/\/kosciuszkoheritage.com\/150\/konkurs\/#primaryimage"},"image":{"@id":"https:\/\/kosciuszkoheritage.com\/150\/konkurs\/#primaryimage"},"thumbnailUrl":"https:\/\/kosciuszkoheritage.com\/150\/wp-content\/uploads\/2024\/04\/KPRM-loga3-1024x649.jpg","datePublished":"2023-02-14T07:38:45+00:00","dateModified":"2024-04-18T12:31:10+00:00","breadcrumb":{"@id":"https:\/\/kosciuszkoheritage.com\/150\/konkurs\/#breadcrumb"},"inLanguage":"en-US","potentialAction":[{"@type":"ReadAction","target":["https:\/\/kosciuszkoheritage.com\/150\/konkurs\/"]}]},{"@type":"ImageObject","inLanguage":"en-US","@id":"https:\/\/kosciuszkoheritage.com\/150\/konkurs\/#primaryimage","url":"https:\/\/kosciuszkoheritage.com\/150\/wp-content\/uploads\/2024\/04\/KPRM-loga3.jpg","contentUrl":"https:\/\/kosciuszkoheritage.com\/150\/wp-content\/uploads\/2024\/04\/KPRM-loga3.jpg","width":1113,"height":705},{"@type":"BreadcrumbList","@id":"https:\/\/kosciuszkoheritage.com\/150\/konkurs\/#breadcrumb","itemListElement":[{"@type":"ListItem","position":1,"name":"Home","item":"https:\/\/kosciuszkoheritage.com\/150\/"},{"@type":"ListItem","position":2,"name":"Konkurs"}]},{"@type":"WebSite","@id":"https:\/\/kosciuszkoheritage.com\/150\/#website","url":"https:\/\/kosciuszkoheritage.com\/150\/","name":"2023 Strzelecki Year Competition","description":"","potentialAction":[{"@type":"SearchAction","target":{"@type":"EntryPoint","urlTemplate":"https:\/\/kosciuszkoheritage.com\/150\/?s={search_term_string}"},"query-input":{"@type":"PropertyValueSpecification","valueRequired":true,"valueName":"search_term_string"}}],"inLanguage":"en-US"}]}},"_links":{"self":[{"href":"https:\/\/kosciuszkoheritage.com\/150\/wp-json\/wp\/v2\/pages\/25","targetHints":{"allow":["GET"]}}],"collection":[{"href":"https:\/\/kosciuszkoheritage.com\/150\/wp-json\/wp\/v2\/pages"}],"about":[{"href":"https:\/\/kosciuszkoheritage.com\/150\/wp-json\/wp\/v2\/types\/page"}],"author":[{"embeddable":true,"href":"https:\/\/kosciuszkoheritage.com\/150\/wp-json\/wp\/v2\/users\/1"}],"replies":[{"embeddable":true,"href":"https:\/\/kosciuszkoheritage.com\/150\/wp-json\/wp\/v2\/comments?post=25"}],"version-history":[{"count":5,"href":"https:\/\/kosciuszkoheritage.com\/150\/wp-json\/wp\/v2\/pages\/25\/revisions"}],"predecessor-version":[{"id":1553,"href":"https:\/\/kosciuszkoheritage.com\/150\/wp-json\/wp\/v2\/pages\/25\/revisions\/1553"}],"wp:attachment":[{"href":"https:\/\/kosciuszkoheritage.com\/150\/wp-json\/wp\/v2\/media?parent=25"}],"curies":[{"name":"wp","href":"https:\/\/api.w.org\/{rel}","templated":true}]}}