{"id":20,"date":"2023-02-14T18:34:53","date_gmt":"2023-02-14T07:34:53","guid":{"rendered":"https:\/\/kosciuszkoheritage.com\/150\/?page_id=20"},"modified":"2023-04-26T10:02:24","modified_gmt":"2023-04-26T00:02:24","slug":"lacze","status":"publish","type":"page","link":"https:\/\/kosciuszkoheritage.com\/150\/lacze\/","title":{"rendered":"Ciekawe linki"},"content":{"rendered":"\n<div class=\"wp-block-buttons is-layout-flex wp-block-buttons-is-layout-flex\">\n<div class=\"wp-block-button\"><a class=\"wp-block-button__link has-white-color has-vivid-purple-background-color has-text-color has-background wp-element-button\" href=\"https:\/\/kosciuszkoheritage.com\/150\/o-roku-strzeleckiego\/\" style=\"border-radius:15px\">o roku strzeleckiego<\/a><\/div>\n\n\n\n<div class=\"wp-block-button\"><a class=\"wp-block-button__link has-white-color has-vivid-purple-background-color has-text-color has-background wp-element-button\" href=\"https:\/\/kosciuszkoheritage.com\/150\/obchody\/\" style=\"border-radius:15px\">obchody roku strzeleckiego<\/a><\/div>\n\n\n\n<div class=\"wp-block-button\"><a class=\"wp-block-button__link has-white-color has-vivid-purple-background-color has-text-color has-background wp-element-button\" href=\"https:\/\/kosciuszkoheritage.com\/150\/konkurs\/\" style=\"border-radius:15px\">konkurs<\/a><\/div>\n\n\n\n<div class=\"wp-block-button\"><a class=\"wp-block-button__link has-white-color has-vivid-purple-background-color has-text-color has-background wp-element-button\" href=\"https:\/\/kosciuszkoheritage.com\/150\/pawel-strzelecki\/\" style=\"border-radius:15px\">pawe\u0142 strzelecki<\/a><\/div>\n\n\n\n<div class=\"wp-block-button\"><a class=\"wp-block-button__link has-white-color has-vivid-purple-background-color has-text-color has-background wp-element-button\" href=\"https:\/\/kosciuszkoheritage.com\/150\/wiadomosci\/\" style=\"border-radius:15px\">aktualno\u015bci<\/a><\/div>\n\n\n\n<div class=\"wp-block-button\"><a class=\"wp-block-button__link has-black-color has-luminous-vivid-orange-background-color has-text-color has-background wp-element-button\" href=\"https:\/\/kosciuszkoheritage.com\/150\/links\/\" style=\"border-radius:15px\" target=\"_blank\" rel=\"noreferrer noopener\">links \u2013 english<\/a><\/div>\n<\/div>\n\n\n\n<p><\/p>\n\n\n\n<p class=\"has-medium-font-size\"><br><a href=\"https:\/\/portalpolonii.com.au\/?p=11380\" target=\"_blank\" rel=\"noreferrer noopener\">Prelekcja o Strzeleckim &#8211; Justyna Tarnowska na Portalu Polonii Wiktoria\u0144skiej<\/a><\/p>\n\n\n\n<p class=\"has-medium-font-size\"><a href=\"https:\/\/portalpolonii.com.au\/?p=10920\" target=\"_blank\" rel=\"noreferrer noopener\">O Strzeleckim: s\u0142uchowiska, filmik, artyku\u0142y oraz listy<\/a><\/p>\n\n\n\n<p class=\"has-medium-font-size\"><a href=\"https:\/\/www.youtube.com\/watch?v=zoonsgWcX0c\" target=\"_blank\" rel=\"noreferrer noopener\">Piosenka &#8220;Sladami Strzeleckiego&#8221;<\/a><\/p>\n\n\n\n<p class=\"has-medium-font-size\"><a href=\"https:\/\/www.youtube.com\/watch?v=bcfs8LqQzoY\" target=\"_blank\" rel=\"noreferrer noopener\">Muzyka Ko\u015bciuszki na G\u00f3rze Ko\u015bciuszki<\/a><\/p>\n\n\n\n<p class=\"has-medium-font-size\"><a href=\"http:\/\/bibliotekazielona2.blogspot.com\/2012\/09\/genealogia.html\" target=\"_blank\" rel=\"noreferrer noopener\">Najbli\u017csi krewni Paw\u0142a Edmunda \u2013 \u017bmichowscy i Kiedrzy\u0144ski. Przeciekawa genealogia<\/a><\/p>\n\n\n\n<p class=\"has-medium-font-size\"><a href=\"https:\/\/www.poznan.pl\/mim\/main\/kalendarium-zycia,p,68642,68647.html?wo_id=1344\" target=\"_blank\" rel=\"noreferrer noopener\">Kalendarium \u017cycia Paw\u0142a Edmunda Strzeleckiego na stronie poznan.pl<\/a><\/p>\n\n\n\n<p class=\"has-medium-font-size\"><a href=\"https:\/\/www.zrobtosam.com\/PulsPol\/Puls3\/index.php?sekcja=1&amp;arty_id=22656\" target=\"_blank\" rel=\"noreferrer noopener\">\u017beglowanie po Pustyni Strzeleckiego<\/a><\/p>\n\n\n\n<p class=\"has-medium-font-size\"><a href=\"https:\/\/www.youtube.com\/watch?v=8qkaNTbnYXg\" target=\"_blank\" rel=\"noreferrer noopener\">Akcja Humanitarna P E Strzeleckiego w Irlandii<\/a><\/p>\n\n\n\n<p class=\"has-medium-font-size\"><a href=\"https:\/\/www.zrobtosam.com\/PulsPol\/Puls3\/index.php?sekcja=1&amp;arty_id=22688\">10. rocznica \u015bmierci Lecha Paszkowskiego, autora monografii o Strzeleckim<\/a><\/p>\n\n\n\n<div class=\"wp-block-buttons is-layout-flex wp-block-buttons-is-layout-flex\"><\/div>\n","protected":false},"excerpt":{"rendered":"<p>Prelekcja o Strzeleckim &#8211; Justyna Tarnowska na Portalu Polonii Wiktoria\u0144skiej O Strzeleckim: s\u0142uchowiska, filmik, artyku\u0142y oraz listy Piosenka &#8220;Sladami Strzeleckiego&#8221; Muzyka Ko\u015bciuszki na G\u00f3rze Ko\u015bciuszki Najbli\u017csi krewni Paw\u0142a Edmunda \u2013 \u017bmichowscy i Kiedrzy\u0144ski. Przeciekawa genealogia Kalendarium \u017cycia Paw\u0142a Edmunda Strzeleckiego na stronie poznan.pl \u017beglowanie po Pustyni Strzeleckiego Akcja Humanitarna P E Strzeleckiego w Irlandii 10. [&hellip;]<\/p>\n","protected":false},"author":1,"featured_media":0,"parent":0,"menu_order":0,"comment_status":"closed","ping_status":"closed","template":"","meta":{"nf_dc_page":"","om_disable_all_campaigns":false,"_exactmetrics_skip_tracking":false,"_exactmetrics_sitenote_active":false,"_exactmetrics_sitenote_note":"","_exactmetrics_sitenote_category":0,"footnotes":""},"class_list":["post-20","page","type-page","status-publish","hentry"],"aioseo_notices":[],"yoast_head":"<!-- This site is optimized with the Yoast SEO plugin v27.3 - https:\/\/yoast.com\/product\/yoast-seo-wordpress\/ -->\n<title>Ciekawe linki - 2023 Strzelecki Year Competition<\/title>\n<meta name=\"robots\" content=\"index, follow, max-snippet:-1, max-image-preview:large, max-video-preview:-1\" \/>\n<link rel=\"canonical\" href=\"https:\/\/kosciuszkoheritage.com\/150\/lacze\/\" \/>\n<meta property=\"og:locale\" content=\"en_US\" \/>\n<meta property=\"og:type\" content=\"article\" \/>\n<meta property=\"og:title\" content=\"Ciekawe linki - 2023 Strzelecki Year Competition\" \/>\n<meta property=\"og:description\" content=\"Prelekcja o Strzeleckim &#8211; Justyna Tarnowska na Portalu Polonii Wiktoria\u0144skiej O Strzeleckim: s\u0142uchowiska, filmik, artyku\u0142y oraz listy Piosenka &#8220;Sladami Strzeleckiego&#8221; Muzyka Ko\u015bciuszki na G\u00f3rze Ko\u015bciuszki Najbli\u017csi krewni Paw\u0142a Edmunda \u2013 \u017bmichowscy i Kiedrzy\u0144ski. Przeciekawa genealogia Kalendarium \u017cycia Paw\u0142a Edmunda Strzeleckiego na stronie poznan.pl \u017beglowanie po Pustyni Strzeleckiego Akcja Humanitarna P E Strzeleckiego w Irlandii 10. [&hellip;]\" \/>\n<meta property=\"og:url\" content=\"https:\/\/kosciuszkoheritage.com\/150\/lacze\/\" \/>\n<meta property=\"og:site_name\" content=\"2023 Strzelecki Year Competition\" \/>\n<meta property=\"article:modified_time\" content=\"2023-04-26T00:02:24+00:00\" \/>\n<meta name=\"twitter:card\" content=\"summary_large_image\" \/>\n<meta name=\"twitter:label1\" content=\"Est. reading time\" \/>\n\t<meta name=\"twitter:data1\" content=\"1 minute\" \/>\n<script type=\"application\/ld+json\" class=\"yoast-schema-graph\">{\"@context\":\"https:\\\/\\\/schema.org\",\"@graph\":[{\"@type\":\"WebPage\",\"@id\":\"https:\\\/\\\/kosciuszkoheritage.com\\\/150\\\/lacze\\\/\",\"url\":\"https:\\\/\\\/kosciuszkoheritage.com\\\/150\\\/lacze\\\/\",\"name\":\"Ciekawe linki - 2023 Strzelecki Year Competition\",\"isPartOf\":{\"@id\":\"https:\\\/\\\/kosciuszkoheritage.com\\\/150\\\/#website\"},\"datePublished\":\"2023-02-14T07:34:53+00:00\",\"dateModified\":\"2023-04-26T00:02:24+00:00\",\"breadcrumb\":{\"@id\":\"https:\\\/\\\/kosciuszkoheritage.com\\\/150\\\/lacze\\\/#breadcrumb\"},\"inLanguage\":\"en-US\",\"potentialAction\":[{\"@type\":\"ReadAction\",\"target\":[\"https:\\\/\\\/kosciuszkoheritage.com\\\/150\\\/lacze\\\/\"]}]},{\"@type\":\"BreadcrumbList\",\"@id\":\"https:\\\/\\\/kosciuszkoheritage.com\\\/150\\\/lacze\\\/#breadcrumb\",\"itemListElement\":[{\"@type\":\"ListItem\",\"position\":1,\"name\":\"Home\",\"item\":\"https:\\\/\\\/kosciuszkoheritage.com\\\/150\\\/\"},{\"@type\":\"ListItem\",\"position\":2,\"name\":\"Ciekawe linki\"}]},{\"@type\":\"WebSite\",\"@id\":\"https:\\\/\\\/kosciuszkoheritage.com\\\/150\\\/#website\",\"url\":\"https:\\\/\\\/kosciuszkoheritage.com\\\/150\\\/\",\"name\":\"2023 Strzelecki Year Competition\",\"description\":\"\",\"potentialAction\":[{\"@type\":\"SearchAction\",\"target\":{\"@type\":\"EntryPoint\",\"urlTemplate\":\"https:\\\/\\\/kosciuszkoheritage.com\\\/150\\\/?s={search_term_string}\"},\"query-input\":{\"@type\":\"PropertyValueSpecification\",\"valueRequired\":true,\"valueName\":\"search_term_string\"}}],\"inLanguage\":\"en-US\"}]}<\/script>\n<!-- \/ Yoast SEO plugin. -->","yoast_head_json":{"title":"Ciekawe linki - 2023 Strzelecki Year Competition","robots":{"index":"index","follow":"follow","max-snippet":"max-snippet:-1","max-image-preview":"max-image-preview:large","max-video-preview":"max-video-preview:-1"},"canonical":"https:\/\/kosciuszkoheritage.com\/150\/lacze\/","og_locale":"en_US","og_type":"article","og_title":"Ciekawe linki - 2023 Strzelecki Year Competition","og_description":"Prelekcja o Strzeleckim &#8211; Justyna Tarnowska na Portalu Polonii Wiktoria\u0144skiej O Strzeleckim: s\u0142uchowiska, filmik, artyku\u0142y oraz listy Piosenka &#8220;Sladami Strzeleckiego&#8221; Muzyka Ko\u015bciuszki na G\u00f3rze Ko\u015bciuszki Najbli\u017csi krewni Paw\u0142a Edmunda \u2013 \u017bmichowscy i Kiedrzy\u0144ski. Przeciekawa genealogia Kalendarium \u017cycia Paw\u0142a Edmunda Strzeleckiego na stronie poznan.pl \u017beglowanie po Pustyni Strzeleckiego Akcja Humanitarna P E Strzeleckiego w Irlandii 10. [&hellip;]","og_url":"https:\/\/kosciuszkoheritage.com\/150\/lacze\/","og_site_name":"2023 Strzelecki Year Competition","article_modified_time":"2023-04-26T00:02:24+00:00","twitter_card":"summary_large_image","twitter_misc":{"Est. reading time":"1 minute"},"schema":{"@context":"https:\/\/schema.org","@graph":[{"@type":"WebPage","@id":"https:\/\/kosciuszkoheritage.com\/150\/lacze\/","url":"https:\/\/kosciuszkoheritage.com\/150\/lacze\/","name":"Ciekawe linki - 2023 Strzelecki Year Competition","isPartOf":{"@id":"https:\/\/kosciuszkoheritage.com\/150\/#website"},"datePublished":"2023-02-14T07:34:53+00:00","dateModified":"2023-04-26T00:02:24+00:00","breadcrumb":{"@id":"https:\/\/kosciuszkoheritage.com\/150\/lacze\/#breadcrumb"},"inLanguage":"en-US","potentialAction":[{"@type":"ReadAction","target":["https:\/\/kosciuszkoheritage.com\/150\/lacze\/"]}]},{"@type":"BreadcrumbList","@id":"https:\/\/kosciuszkoheritage.com\/150\/lacze\/#breadcrumb","itemListElement":[{"@type":"ListItem","position":1,"name":"Home","item":"https:\/\/kosciuszkoheritage.com\/150\/"},{"@type":"ListItem","position":2,"name":"Ciekawe linki"}]},{"@type":"WebSite","@id":"https:\/\/kosciuszkoheritage.com\/150\/#website","url":"https:\/\/kosciuszkoheritage.com\/150\/","name":"2023 Strzelecki Year Competition","description":"","potentialAction":[{"@type":"SearchAction","target":{"@type":"EntryPoint","urlTemplate":"https:\/\/kosciuszkoheritage.com\/150\/?s={search_term_string}"},"query-input":{"@type":"PropertyValueSpecification","valueRequired":true,"valueName":"search_term_string"}}],"inLanguage":"en-US"}]}},"_links":{"self":[{"href":"https:\/\/kosciuszkoheritage.com\/150\/wp-json\/wp\/v2\/pages\/20","targetHints":{"allow":["GET"]}}],"collection":[{"href":"https:\/\/kosciuszkoheritage.com\/150\/wp-json\/wp\/v2\/pages"}],"about":[{"href":"https:\/\/kosciuszkoheritage.com\/150\/wp-json\/wp\/v2\/types\/page"}],"author":[{"embeddable":true,"href":"https:\/\/kosciuszkoheritage.com\/150\/wp-json\/wp\/v2\/users\/1"}],"replies":[{"embeddable":true,"href":"https:\/\/kosciuszkoheritage.com\/150\/wp-json\/wp\/v2\/comments?post=20"}],"version-history":[{"count":15,"href":"https:\/\/kosciuszkoheritage.com\/150\/wp-json\/wp\/v2\/pages\/20\/revisions"}],"predecessor-version":[{"id":777,"href":"https:\/\/kosciuszkoheritage.com\/150\/wp-json\/wp\/v2\/pages\/20\/revisions\/777"}],"wp:attachment":[{"href":"https:\/\/kosciuszkoheritage.com\/150\/wp-json\/wp\/v2\/media?parent=20"}],"curies":[{"name":"wp","href":"https:\/\/api.w.org\/{rel}","templated":true}]}}